{"id":19352,"date":"2022-11-17T15:32:29","date_gmt":"2022-11-17T14:32:29","guid":{"rendered":"https:\/\/clefdesaintthomas.com\/?page_id=19352"},"modified":"2022-11-18T14:51:20","modified_gmt":"2022-11-18T13:51:20","slug":"the-vintages-of-chateauneuf-du-pape","status":"publish","type":"page","link":"https:\/\/clefdesaintthomas.com\/en\/the-wines\/the-vintages-of-chateauneuf-du-pape\/","title":{"rendered":"The vintages of Ch\u00e2teauneuf-du-Pape"},"content":{"rendered":"<p>[et_pb_section fb_built=&#8221;1&#8243; custom_padding_last_edited=&#8221;on|phone&#8221; _builder_version=&#8221;4.17.4&#8243; _module_preset=&#8221;default&#8221; width=&#8221;100%&#8221; width_tablet=&#8221;70%&#8221; width_phone=&#8221;100%&#8221; width_last_edited=&#8221;on|tablet&#8221; max_width=&#8221;1080px&#8221; module_alignment=&#8221;center&#8221; custom_padding=&#8221;0em|0em|0em|0em|true|true&#8221; custom_padding_tablet=&#8221;|1em||1em|true|true&#8221; custom_padding_phone=&#8221;|1em||1em|true|true&#8221; locked=&#8221;off&#8221; global_colors_info=&#8221;{}&#8221;][et_pb_row _builder_version=&#8221;4.17.4&#8243; _module_preset=&#8221;default&#8221; width=&#8221;600px&#8221; width_tablet=&#8221;90%&#8221; width_phone=&#8221;90%&#8221; width_last_edited=&#8221;on|phone&#8221; max_width=&#8221;100%&#8221; custom_padding=&#8221;3em||||false|false&#8221; global_colors_info=&#8221;{}&#8221;][et_pb_column type=&#8221;4_4&#8243; _builder_version=&#8221;4.16&#8243; _module_preset=&#8221;default&#8221; global_colors_info=&#8221;{}&#8221;][et_pb_text _builder_version=&#8221;4.17.4&#8243; _module_preset=&#8221;8836641a-0ef2-4879-9e53-1e1d3746ba0d&#8221; custom_margin=&#8221;||0em||false|false&#8221; global_colors_info=&#8221;{}&#8221;]<\/p>\n<h1>Nos mill\u00e9simes<\/h1>\n<h1>Ch\u00e2teauneuf-du-Pape<\/h1>\n<p>[\/et_pb_text][et_pb_text _builder_version=&#8221;4.17.4&#8243; _module_preset=&#8221;default&#8221; global_colors_info=&#8221;{}&#8221;]<\/p>\n<p style=\"text-align: center;\">D\u00e9couvrez les mill\u00e9simes \u00e0 Ch\u00e2teauneuf-du-Pape ann\u00e9e apr\u00e8s ann\u00e9e.<br \/>\nCaract\u00e9ristiques annuelles climatiques, r\u00e9coltes, caract\u00e8res du vin, rendements&#8230;<\/p>\n<p>[\/et_pb_text][et_pb_text disabled_on=&#8221;on|on|on&#8221; _builder_version=&#8221;4.16&#8243; _module_preset=&#8221;default&#8221; text_text_color=&#8221;#666666&#8243; header_text_color=&#8221;#DE643A&#8221; header_3_text_color=&#8221;#666666&#8243; disabled=&#8221;on&#8221; global_colors_info=&#8221;{}&#8221;]<\/p>\n<h3 style=\"text-align: center;\">C\u00e9l\u00e9brez P\u00e2ques avec le Ch\u00e2teau Calissanne !<\/h3>\n<p>[\/et_pb_text][et_pb_image src=&#8221;https:\/\/clefdesaintthomas.com\/wp-content\/uploads\/2022\/04\/ANIMATION-PAQUES-590&#215;380-ok.gif&#8221; title_text=&#8221;ANIMATION-PAQUES-590&#215;380-ok&#8221; align=&#8221;center&#8221; disabled_on=&#8221;on|on|on&#8221; _builder_version=&#8221;4.16&#8243; _module_preset=&#8221;default&#8221; disabled=&#8221;on&#8221; global_colors_info=&#8221;{}&#8221;][\/et_pb_image][\/et_pb_column][\/et_pb_row][et_pb_row column_structure=&#8221;1_2,1_2&#8243; custom_padding_last_edited=&#8221;on|desktop&#8221; _builder_version=&#8221;4.17.4&#8243; _module_preset=&#8221;default&#8221; width=&#8221;100%&#8221; custom_padding=&#8221;|3em||3em|false|true&#8221; custom_padding_tablet=&#8221;|1em||1em|false|true&#8221; custom_padding_phone=&#8221;|1em||1em|false|true&#8221; global_colors_info=&#8221;{}&#8221;][et_pb_column type=&#8221;1_2&#8243; _builder_version=&#8221;4.17.4&#8243; _module_preset=&#8221;default&#8221; custom_padding=&#8221;2em|2em|2em|2em|true|true&#8221; custom_padding_tablet=&#8221;2em|2em|2em|2em|true|true&#8221; custom_padding_phone=&#8221;1em|1em|1em|1em|false|false&#8221; custom_padding_last_edited=&#8221;on|phone&#8221; border_width_all=&#8221;1px&#8221; border_color_all=&#8221;#E6E7E8&#8243; border_width_all_tablet=&#8221;1px&#8221; border_width_all_phone=&#8221;1px&#8221; border_width_all_last_edited=&#8221;on|phone&#8221; box_shadow_style=&#8221;preset1&#8243; box_shadow_color=&#8221;rgba(0,0,0,0.04)&#8221; global_colors_info=&#8221;{}&#8221;][et_pb_text _builder_version=&#8221;4.17.4&#8243; _module_preset=&#8221;default&#8221; custom_margin=&#8221;0px||0px|0px|false|false&#8221; custom_padding=&#8221;0px||0px||false|false&#8221; global_colors_info=&#8221;{}&#8221;]<\/p>\n<h2 style=\"text-align: center;\">2021<\/h2>\n<p>[\/et_pb_text][et_pb_divider color=&#8221;#797979&#8243; _builder_version=&#8221;4.17.4&#8243; _module_preset=&#8221;default&#8221; width=&#8221;8em&#8221; width_tablet=&#8221;8em&#8221; width_phone=&#8221;7em&#8221; width_last_edited=&#8221;on|desktop&#8221; module_alignment=&#8221;center&#8221; global_colors_info=&#8221;{}&#8221;][\/et_pb_divider][et_pb_text _builder_version=&#8221;4.17.4&#8243; _module_preset=&#8221;default&#8221; custom_margin=&#8221;||9px||false|false&#8221; custom_padding=&#8221;||||false|false&#8221; global_colors_info=&#8221;{}&#8221;]<\/p>\n<p style=\"text-align: justify;\">Un mill\u00e9sime \u00e0 l\u2019ancienne au beau potentiel de vieillissement &#8211; Lire la suite sur <a href=\"https:\/\/ogi.chateauneuf.com\/upload\/files\/Mill%C3%A9sime%202021%20%C3%A0%20Ch%C3%A2teauneuf-du-Pape.pdf\" target=\"_blank\" rel=\"noopener\">chateauneuf.com<\/a><\/p>\n<p>[\/et_pb_text][et_pb_button button_url=&#8221;https:\/\/calissanneboutique.fr\/collections\/chateauneuf-du-pape\/products\/pierre-troupel-blanc-2020&#8243; button_text=&#8221;D\u00e9couvrez le Pierre Troupel blanc 2021&#8243; button_alignment=&#8221;center&#8221; _builder_version=&#8221;4.17.4&#8243; custom_button=&#8221;on&#8221; button_text_size=&#8221;13px&#8221; button_text_color=&#8221;#545554&#8243; button_bg_color=&#8221;RGBA(255,255,255,0)&#8221; button_border_width=&#8221;1px&#8221; button_border_radius=&#8221;0px&#8221; button_letter_spacing=&#8221;1px&#8221; button_font=&#8221;Karla|||on|||||&#8221; background_layout=&#8221;dark&#8221; custom_margin=&#8221;0px||||false|false&#8221; custom_padding=&#8221;|||&#8221; animation_direction=&#8221;bottom&#8221; button_bg_color_hover=&#8221;#545554&#8243; locked=&#8221;off&#8221; global_colors_info=&#8221;{}&#8221; button_text_size__hover_enabled=&#8221;off&#8221; button_one_text_size__hover_enabled=&#8221;off&#8221; button_two_text_size__hover_enabled=&#8221;off&#8221; button_text_color__hover_enabled=&#8221;off&#8221; button_one_text_color__hover_enabled=&#8221;off&#8221; button_two_text_color__hover_enabled=&#8221;off&#8221; button_border_width__hover_enabled=&#8221;off&#8221; button_one_border_width__hover_enabled=&#8221;off&#8221; button_two_border_width__hover_enabled=&#8221;off&#8221; button_border_color__hover_enabled=&#8221;off&#8221; button_one_border_color__hover_enabled=&#8221;off&#8221; button_two_border_color__hover_enabled=&#8221;off&#8221; button_border_radius__hover_enabled=&#8221;off&#8221; button_one_border_radius__hover_enabled=&#8221;off&#8221; button_two_border_radius__hover_enabled=&#8221;off&#8221; button_letter_spacing__hover_enabled=&#8221;off&#8221; button_one_letter_spacing__hover_enabled=&#8221;off&#8221; button_two_letter_spacing__hover_enabled=&#8221;off&#8221; button_bg_color__hover_enabled=&#8221;off|desktop&#8221; button_bg_color__hover=&#8221;#545554&#8243; button_one_bg_color__hover_enabled=&#8221;off&#8221; button_two_bg_color__hover_enabled=&#8221;off&#8221;]&nbsp;<br \/>\n[\/et_pb_button][\/et_pb_column][et_pb_column type=&#8221;1_2&#8243; _builder_version=&#8221;4.17.4&#8243; _module_preset=&#8221;default&#8221; custom_padding=&#8221;2em|2em|2em|2em|true|true&#8221; custom_padding_tablet=&#8221;2em|2em|2em|2em|true|true&#8221; custom_padding_phone=&#8221;1em|1em|1em|1em|false|false&#8221; custom_padding_last_edited=&#8221;on|phone&#8221; border_width_all=&#8221;1px&#8221; border_color_all=&#8221;#E6E7E8&#8243; border_width_all_tablet=&#8221;1px&#8221; border_width_all_phone=&#8221;1px&#8221; border_width_all_last_edited=&#8221;on|phone&#8221; box_shadow_style=&#8221;preset1&#8243; box_shadow_color=&#8221;rgba(0,0,0,0.04)&#8221; global_colors_info=&#8221;{}&#8221;][et_pb_text _builder_version=&#8221;4.17.4&#8243; _module_preset=&#8221;default&#8221; custom_margin=&#8221;0px||0px|0px|false|false&#8221; custom_padding=&#8221;0px||0px||false|false&#8221; global_colors_info=&#8221;{}&#8221;]<\/p>\n<h2 style=\"text-align: center;\">2020<\/h2>\n<p>[\/et_pb_text][et_pb_divider color=&#8221;#797979&#8243; _builder_version=&#8221;4.17.4&#8243; _module_preset=&#8221;default&#8221; width=&#8221;8em&#8221; width_tablet=&#8221;8em&#8221; width_phone=&#8221;7em&#8221; width_last_edited=&#8221;on|desktop&#8221; module_alignment=&#8221;center&#8221; global_colors_info=&#8221;{}&#8221;][\/et_pb_divider][et_pb_text _builder_version=&#8221;4.17.4&#8243; _module_preset=&#8221;default&#8221; custom_margin=&#8221;||9px||false|false&#8221; custom_padding=&#8221;||||false|false&#8221; global_colors_info=&#8221;{}&#8221;]<\/p>\n<p style=\"text-align: justify;\">Un mill\u00e9sime apais\u00e9, tout en rondeur et en \u00e9quilibre &#8211; Lire la suite sur <a href=\"https:\/\/ogi.chateauneuf.com\/upload\/files\/Mille%CC%81sime%202020%20a%CC%80%20Cha%CC%82teauneuf-du-Pape%20(FR).pdf\" target=\"_blank\" rel=\"noopener\">chateauneuf.com<\/a><\/p>\n<p>[\/et_pb_text][et_pb_button button_url=&#8221;https:\/\/calissanneboutique.fr\/collections\/chateauneuf-du-pape\/&#8221; button_text=&#8221;D\u00e9couvrez le Pierre Troupel rouge 2020&#8243; button_alignment=&#8221;center&#8221; _builder_version=&#8221;4.17.4&#8243; custom_button=&#8221;on&#8221; button_text_size=&#8221;13px&#8221; button_text_color=&#8221;#545554&#8243; button_bg_color=&#8221;RGBA(255,255,255,0)&#8221; button_border_width=&#8221;1px&#8221; button_border_radius=&#8221;0px&#8221; button_letter_spacing=&#8221;1px&#8221; button_font=&#8221;Karla|||on|||||&#8221; background_layout=&#8221;dark&#8221; custom_margin=&#8221;0px||||false|false&#8221; custom_padding=&#8221;|||&#8221; animation_direction=&#8221;bottom&#8221; button_bg_color_hover=&#8221;#545554&#8243; locked=&#8221;off&#8221; global_colors_info=&#8221;{}&#8221; button_text_size__hover_enabled=&#8221;off&#8221; button_one_text_size__hover_enabled=&#8221;off&#8221; button_two_text_size__hover_enabled=&#8221;off&#8221; button_text_color__hover_enabled=&#8221;off&#8221; button_one_text_color__hover_enabled=&#8221;off&#8221; button_two_text_color__hover_enabled=&#8221;off&#8221; button_border_width__hover_enabled=&#8221;off&#8221; button_one_border_width__hover_enabled=&#8221;off&#8221; button_two_border_width__hover_enabled=&#8221;off&#8221; button_border_color__hover_enabled=&#8221;off&#8221; button_one_border_color__hover_enabled=&#8221;off&#8221; button_two_border_color__hover_enabled=&#8221;off&#8221; button_border_radius__hover_enabled=&#8221;off&#8221; button_one_border_radius__hover_enabled=&#8221;off&#8221; button_two_border_radius__hover_enabled=&#8221;off&#8221; button_letter_spacing__hover_enabled=&#8221;off&#8221; button_one_letter_spacing__hover_enabled=&#8221;off&#8221; button_two_letter_spacing__hover_enabled=&#8221;off&#8221; button_bg_color__hover_enabled=&#8221;off|desktop&#8221; button_bg_color__hover=&#8221;#545554&#8243; button_one_bg_color__hover_enabled=&#8221;off&#8221; button_two_bg_color__hover_enabled=&#8221;off&#8221;]&nbsp;<br \/>\n[\/et_pb_button][\/et_pb_column][\/et_pb_row][et_pb_row column_structure=&#8221;1_2,1_2&#8243; custom_padding_last_edited=&#8221;on|desktop&#8221; _builder_version=&#8221;4.17.4&#8243; _module_preset=&#8221;default&#8221; width=&#8221;100%&#8221; custom_padding=&#8221;|3em||3em|false|true&#8221; custom_padding_tablet=&#8221;|1em||1em|false|true&#8221; custom_padding_phone=&#8221;|1em||1em|false|true&#8221; global_colors_info=&#8221;{}&#8221;][et_pb_column type=&#8221;1_2&#8243; _builder_version=&#8221;4.17.4&#8243; _module_preset=&#8221;default&#8221; custom_padding=&#8221;2em|2em|2em|2em|true|true&#8221; custom_padding_tablet=&#8221;2em|2em|2em|2em|true|true&#8221; custom_padding_phone=&#8221;1em|1em|1em|1em|false|false&#8221; custom_padding_last_edited=&#8221;on|phone&#8221; border_width_all=&#8221;1px&#8221; border_color_all=&#8221;#E6E7E8&#8243; border_width_all_tablet=&#8221;1px&#8221; border_width_all_phone=&#8221;1px&#8221; border_width_all_last_edited=&#8221;on|phone&#8221; box_shadow_style=&#8221;preset1&#8243; box_shadow_color=&#8221;rgba(0,0,0,0.04)&#8221; global_colors_info=&#8221;{}&#8221;][et_pb_text _builder_version=&#8221;4.17.4&#8243; _module_preset=&#8221;default&#8221; custom_margin=&#8221;0px||0px|0px|false|false&#8221; custom_padding=&#8221;0px||0px||false|false&#8221; global_colors_info=&#8221;{}&#8221;]<\/p>\n<h2 style=\"text-align: center;\">2019<\/h2>\n<p>[\/et_pb_text][et_pb_divider color=&#8221;#797979&#8243; _builder_version=&#8221;4.17.4&#8243; _module_preset=&#8221;default&#8221; width=&#8221;8em&#8221; width_tablet=&#8221;8em&#8221; width_phone=&#8221;7em&#8221; width_last_edited=&#8221;on|desktop&#8221; module_alignment=&#8221;center&#8221; global_colors_info=&#8221;{}&#8221;][\/et_pb_divider][et_pb_text _builder_version=&#8221;4.17.4&#8243; _module_preset=&#8221;default&#8221; custom_margin=&#8221;||9px||false|false&#8221; custom_padding=&#8221;||||false|false&#8221; global_colors_info=&#8221;{}&#8221;]<\/p>\n<p style=\"text-align: justify;\">Un mill\u00e9sime suberbe haut en couleur et de belle facture &#8211; Lire la suite sur <a href=\"https:\/\/ogi.chateauneuf.com\/upload\/files\/Mille%CC%81sime%202019%20version%20FR.pdf\" target=\"_blank\" rel=\"noopener\">chateauneuf.com<\/a><\/p>\n<p>[\/et_pb_text][et_pb_button button_url=&#8221;https:\/\/calissanneboutique.fr\/collections\/chateauneuf-du-pape\/&#8221; button_text=&#8221;D\u00e9couvrez nos Ch\u00e2teauneuf-du-Pape 2019&#8243; button_alignment=&#8221;center&#8221; _builder_version=&#8221;4.17.4&#8243; custom_button=&#8221;on&#8221; button_text_size=&#8221;13px&#8221; button_text_color=&#8221;#545554&#8243; button_bg_color=&#8221;RGBA(255,255,255,0)&#8221; button_border_width=&#8221;1px&#8221; button_border_radius=&#8221;0px&#8221; button_letter_spacing=&#8221;1px&#8221; button_font=&#8221;Karla|||on|||||&#8221; background_layout=&#8221;dark&#8221; custom_margin=&#8221;0px||||false|false&#8221; custom_padding=&#8221;|||&#8221; animation_direction=&#8221;bottom&#8221; button_bg_color_hover=&#8221;#545554&#8243; locked=&#8221;off&#8221; global_colors_info=&#8221;{}&#8221; button_text_size__hover_enabled=&#8221;off&#8221; button_one_text_size__hover_enabled=&#8221;off&#8221; button_two_text_size__hover_enabled=&#8221;off&#8221; button_text_color__hover_enabled=&#8221;off&#8221; button_one_text_color__hover_enabled=&#8221;off&#8221; button_two_text_color__hover_enabled=&#8221;off&#8221; button_border_width__hover_enabled=&#8221;off&#8221; button_one_border_width__hover_enabled=&#8221;off&#8221; button_two_border_width__hover_enabled=&#8221;off&#8221; button_border_color__hover_enabled=&#8221;off&#8221; button_one_border_color__hover_enabled=&#8221;off&#8221; button_two_border_color__hover_enabled=&#8221;off&#8221; button_border_radius__hover_enabled=&#8221;off&#8221; button_one_border_radius__hover_enabled=&#8221;off&#8221; button_two_border_radius__hover_enabled=&#8221;off&#8221; button_letter_spacing__hover_enabled=&#8221;off&#8221; button_one_letter_spacing__hover_enabled=&#8221;off&#8221; button_two_letter_spacing__hover_enabled=&#8221;off&#8221; button_bg_color__hover_enabled=&#8221;off|desktop&#8221; button_bg_color__hover=&#8221;#545554&#8243; button_one_bg_color__hover_enabled=&#8221;off&#8221; button_two_bg_color__hover_enabled=&#8221;off&#8221;]&nbsp;<br \/>\n[\/et_pb_button][\/et_pb_column][et_pb_column type=&#8221;1_2&#8243; _builder_version=&#8221;4.17.4&#8243; _module_preset=&#8221;default&#8221; custom_padding=&#8221;2em|2em|2em|2em|true|true&#8221; custom_padding_tablet=&#8221;2em|2em|2em|2em|true|true&#8221; custom_padding_phone=&#8221;1em|1em|1em|1em|false|false&#8221; custom_padding_last_edited=&#8221;on|phone&#8221; border_width_all=&#8221;1px&#8221; border_color_all=&#8221;#E6E7E8&#8243; border_width_all_tablet=&#8221;1px&#8221; border_width_all_phone=&#8221;1px&#8221; border_width_all_last_edited=&#8221;on|phone&#8221; box_shadow_style=&#8221;preset1&#8243; box_shadow_color=&#8221;rgba(0,0,0,0.04)&#8221; global_colors_info=&#8221;{}&#8221;][et_pb_text _builder_version=&#8221;4.17.4&#8243; _module_preset=&#8221;default&#8221; custom_margin=&#8221;0px||0px|0px|false|false&#8221; custom_padding=&#8221;0px||0px||false|false&#8221; global_colors_info=&#8221;{}&#8221;]<\/p>\n<h2 style=\"text-align: center;\">2018<\/h2>\n<p>[\/et_pb_text][et_pb_divider color=&#8221;#797979&#8243; _builder_version=&#8221;4.17.4&#8243; _module_preset=&#8221;default&#8221; width=&#8221;8em&#8221; width_tablet=&#8221;8em&#8221; width_phone=&#8221;7em&#8221; width_last_edited=&#8221;on|desktop&#8221; module_alignment=&#8221;center&#8221; global_colors_info=&#8221;{}&#8221;][\/et_pb_divider][et_pb_text _builder_version=&#8221;4.17.4&#8243; _module_preset=&#8221;default&#8221; custom_margin=&#8221;||9px||false|false&#8221; custom_padding=&#8221;||||false|false&#8221; global_colors_info=&#8221;{}&#8221;]<\/p>\n<p style=\"text-align: justify;\">De belles maturit\u00e9s et de beaux \u00e9quilibres &#8211; Lire la suite sur <a href=\"https:\/\/ogi.chateauneuf.com\/upload\/files\/Mille-sime-Cha-teauneuf-du-Pape-2018-FR.pdf\" target=\"_blank\" rel=\"noopener\">chateauneuf.com<\/a><\/p>\n<p>[\/et_pb_text][\/et_pb_column][\/et_pb_row][\/et_pb_section]<\/p>\n","protected":false},"excerpt":{"rendered":"<p>Nos mill\u00e9simes Ch\u00e2teauneuf-du-Pape D\u00e9couvrez les mill\u00e9simes \u00e0 Ch\u00e2teauneuf-du-Pape ann\u00e9e apr\u00e8s ann\u00e9e. Caract\u00e9ristiques annuelles climatiques, r\u00e9coltes, caract\u00e8res du vin, rendements&#8230; C\u00e9l\u00e9brez P\u00e2ques avec le Ch\u00e2teau Calissanne ! 2021 Un mill\u00e9sime \u00e0 l\u2019ancienne au beau potentiel de vieillissement &#8211; Lire la suite sur chateauneuf.com &nbsp; 2020 Un mill\u00e9sime apais\u00e9, tout en rondeur et en \u00e9quilibre &#8211; Lire [&hellip;]<\/p>\n","protected":false},"author":2,"featured_media":18508,"parent":19294,"menu_order":0,"comment_status":"closed","ping_status":"closed","template":"","meta":{"_acf_changed":false,"_et_pb_use_builder":"on","_et_pb_old_content":"","_et_gb_content_width":"","inline_featured_image":false,"footnotes":""},"categorie":[],"class_list":["post-19352","page","type-page","status-publish","has-post-thumbnail","hentry"],"acf":[],"_links":{"self":[{"href":"https:\/\/clefdesaintthomas.com\/en\/wp-json\/wp\/v2\/pages\/19352","targetHints":{"allow":["GET"]}}],"collection":[{"href":"https:\/\/clefdesaintthomas.com\/en\/wp-json\/wp\/v2\/pages"}],"about":[{"href":"https:\/\/clefdesaintthomas.com\/en\/wp-json\/wp\/v2\/types\/page"}],"author":[{"embeddable":true,"href":"https:\/\/clefdesaintthomas.com\/en\/wp-json\/wp\/v2\/users\/2"}],"replies":[{"embeddable":true,"href":"https:\/\/clefdesaintthomas.com\/en\/wp-json\/wp\/v2\/comments?post=19352"}],"version-history":[{"count":2,"href":"https:\/\/clefdesaintthomas.com\/en\/wp-json\/wp\/v2\/pages\/19352\/revisions"}],"predecessor-version":[{"id":19376,"href":"https:\/\/clefdesaintthomas.com\/en\/wp-json\/wp\/v2\/pages\/19352\/revisions\/19376"}],"up":[{"embeddable":true,"href":"https:\/\/clefdesaintthomas.com\/en\/wp-json\/wp\/v2\/pages\/19294"}],"wp:featuredmedia":[{"embeddable":true,"href":"https:\/\/clefdesaintthomas.com\/en\/wp-json\/wp\/v2\/media\/18508"}],"wp:attachment":[{"href":"https:\/\/clefdesaintthomas.com\/en\/wp-json\/wp\/v2\/media?parent=19352"}],"wp:term":[{"taxonomy":"categorie","embeddable":true,"href":"https:\/\/clefdesaintthomas.com\/en\/wp-json\/wp\/v2\/categorie?post=19352"}],"curies":[{"name":"wp","href":"https:\/\/api.w.org\/{rel}","templated":true}]}}