{"id":19300,"date":"2022-11-17T11:31:06","date_gmt":"2022-11-17T10:31:06","guid":{"rendered":"https:\/\/clefdesaintthomas.com\/?page_id=19300"},"modified":"2022-11-18T10:20:17","modified_gmt":"2022-11-18T09:20:17","slug":"chateau-calissanne-in-the-heart-of-provence","status":"publish","type":"page","link":"https:\/\/clefdesaintthomas.com\/en\/chateau-calissanne-in-the-heart-of-provence\/","title":{"rendered":"Ch\u00e2teau Calissanne, in the heart of Provence"},"content":{"rendered":"<p>[et_pb_section fb_built=&#8221;1&#8243; fullwidth=&#8221;on&#8221; _builder_version=&#8221;4.17.4&#8243; _module_preset=&#8221;default&#8221; global_colors_info=&#8221;{}&#8221; theme_builder_area=&#8221;post_content&#8221;][et_pb_fullwidth_header title=&#8221;Ch\u00e2teau Calissanne, au c\u0153ur de la Provence &#8221; header_scroll_down=&#8221;on&#8221; scroll_down_icon=&#8221;%%3%%&#8221; scroll_down_icon_size=&#8221;26px&#8221; module_class=&#8221;centrer-verticalement&#8221; _builder_version=&#8221;4.17.4&#8243; _module_preset=&#8221;default&#8221; title_text_align=&#8221;center&#8221; title_text_color=&#8221;#ffffff&#8221; background_enable_image=&#8221;off&#8221; background_video_mp4=&#8221;https:\/\/clefdesaintthomas.com\/wp-content\/uploads\/INTRO-CALISSANNE-1280x720_1.mp4&#8243; height=&#8221;600px&#8221; custom_padding=&#8221;||||false|false&#8221; global_colors_info=&#8221;{}&#8221; theme_builder_area=&#8221;post_content&#8221;][\/et_pb_fullwidth_header][\/et_pb_section][et_pb_section fb_built=&#8221;1&#8243; module_class=&#8221;dc_inverser_colonnes-section&#8221; _builder_version=&#8221;4.17.4&#8243; _module_preset=&#8221;default&#8221; background_color=&#8221;#f8f8f8&#8243; global_colors_info=&#8221;{}&#8221; theme_builder_area=&#8221;post_content&#8221;][et_pb_row column_structure=&#8221;1_2,1_2&#8243; use_custom_gutter=&#8221;on&#8221; gutter_width=&#8221;1&#8243; make_equal=&#8221;on&#8221; _builder_version=&#8221;4.17.4&#8243; _module_preset=&#8221;default&#8221; width=&#8221;100%&#8221; module_alignment=&#8221;center&#8221; height=&#8221;600px&#8221; custom_padding=&#8221;0px|0px|0px|0px|true|false&#8221; locked=&#8221;off&#8221; global_colors_info=&#8221;{}&#8221; theme_builder_area=&#8221;post_content&#8221;][et_pb_column type=&#8221;1_2&#8243; _builder_version=&#8221;4.17.4&#8243; _module_preset=&#8221;default&#8221; background_image=&#8221;https:\/\/clefdesaintthomas.com\/wp-content\/uploads\/chateau-calissanne-vin-provence.jpg&#8221; global_colors_info=&#8221;{}&#8221; theme_builder_area=&#8221;post_content&#8221;][et_pb_code _builder_version=&#8221;4.17.4&#8243; _module_preset=&#8221;default&#8221; height=&#8221;600px&#8221; height_tablet=&#8221;400px&#8221; height_phone=&#8221;350px&#8221; height_last_edited=&#8221;on|phone&#8221; global_colors_info=&#8221;{}&#8221; theme_builder_area=&#8221;post_content&#8221;][\/et_pb_code][et_pb_code _builder_version=&#8221;4.17.4&#8243; _module_preset=&#8221;default&#8221; height=&#8221;600px&#8221; height_tablet=&#8221;400px&#8221; height_phone=&#8221;350px&#8221; height_last_edited=&#8221;on|desktop&#8221; global_colors_info=&#8221;{}&#8221; theme_builder_area=&#8221;post_content&#8221;][\/et_pb_code][\/et_pb_column][et_pb_column type=&#8221;1_2&#8243; module_class=&#8221;centrer-verticalement &#8221; _builder_version=&#8221;4.17.4&#8243; _module_preset=&#8221;default&#8221; background_color=&#8221;#ffffff&#8221; custom_padding=&#8221;2em|2em|2em|2em|true|true&#8221; custom_padding_tablet=&#8221;4em|4em|4em|4em|true|true&#8221; custom_padding_phone=&#8221;2em|1em|2em|1em|true|true&#8221; custom_padding_last_edited=&#8221;on|phone&#8221; global_colors_info=&#8221;{}&#8221; theme_builder_area=&#8221;post_content&#8221;][et_pb_text _builder_version=&#8221;4.17.4&#8243; _module_preset=&#8221;default&#8221; width_tablet=&#8221;&#8221; width_phone=&#8221;&#8221; width_last_edited=&#8221;on|desktop&#8221; module_alignment=&#8221;center&#8221; global_colors_info=&#8221;{}&#8221; theme_builder_area=&#8221;post_content&#8221;]<\/p>\n<p style=\"text-align: left;\">La propri\u00e9t\u00e9 familiale situ\u00e9e \u00e0 Lan\u00e7on Provence, le Ch\u00e2teau de Calissanne constitue un v\u00e9ritable joyaux nich\u00e9 au coeur de la Provence.<\/p>\n<p>Le Ch\u00e2teau Calissanne est une propri\u00e9t\u00e9 d&#8217;un seul tenant de 1 200 hectares, dont 110 hectares de vignes (AOP Coteaux d\u2019Aix-en- Provence et IGP) et 50 hectares d\u2019oliviers (AOP Provence et Aix-en-Provence), est consid\u00e9r\u00e9 comme un domaine hors du commun, un territoire \u00e0 lui seul entre histoire, nature, biodiversit\u00e9 et activit\u00e9s agricoles (vins, huiles d\u2019olive, grandes cultures).<br \/>\n[\/et_pb_text][et_pb_button button_url=&#8221;https:\/\/www.chateau-calissanne.fr\/&#8221; url_new_window=&#8221;on&#8221; button_text=&#8221;D\u00e9couvrez le Ch\u00e2teau Calissanne&#8221; button_alignment=&#8221;left&#8221; _builder_version=&#8221;4.17.4&#8243; custom_button=&#8221;on&#8221; button_text_size=&#8221;13px&#8221; button_text_color=&#8221;#545554&#8243; button_bg_color=&#8221;RGBA(255,255,255,0)&#8221; button_border_width=&#8221;1px&#8221; button_border_radius=&#8221;0px&#8221; button_letter_spacing=&#8221;3px&#8221; button_font=&#8221;Karla|||on|||||&#8221; background_layout=&#8221;dark&#8221; custom_margin=&#8221;1em||||false|false&#8221; custom_padding=&#8221;|||&#8221; animation_direction=&#8221;bottom&#8221; button_bg_color_hover=&#8221;#545554&#8243; locked=&#8221;off&#8221; global_colors_info=&#8221;{}&#8221; button_text_size__hover_enabled=&#8221;off&#8221; button_one_text_size__hover_enabled=&#8221;off&#8221; button_two_text_size__hover_enabled=&#8221;off&#8221; button_text_color__hover_enabled=&#8221;off&#8221; button_one_text_color__hover_enabled=&#8221;off&#8221; button_two_text_color__hover_enabled=&#8221;off&#8221; button_border_width__hover_enabled=&#8221;off&#8221; button_one_border_width__hover_enabled=&#8221;off&#8221; button_two_border_width__hover_enabled=&#8221;off&#8221; button_border_color__hover_enabled=&#8221;off&#8221; button_one_border_color__hover_enabled=&#8221;off&#8221; button_two_border_color__hover_enabled=&#8221;off&#8221; button_border_radius__hover_enabled=&#8221;off&#8221; button_one_border_radius__hover_enabled=&#8221;off&#8221; button_two_border_radius__hover_enabled=&#8221;off&#8221; button_letter_spacing__hover_enabled=&#8221;off&#8221; button_one_letter_spacing__hover_enabled=&#8221;off&#8221; button_two_letter_spacing__hover_enabled=&#8221;off&#8221; button_bg_color__hover_enabled=&#8221;off|desktop&#8221; button_bg_color__hover=&#8221;#545554&#8243; button_one_bg_color__hover_enabled=&#8221;off&#8221; button_two_bg_color__hover_enabled=&#8221;off&#8221; theme_builder_area=&#8221;post_content&#8221;]&nbsp;<br \/>\n[\/et_pb_button][\/et_pb_column][\/et_pb_row][et_pb_row column_structure=&#8221;1_2,1_2&#8243; use_custom_gutter=&#8221;on&#8221; gutter_width=&#8221;1&#8243; make_equal=&#8221;on&#8221; custom_padding_last_edited=&#8221;on|phone&#8221; module_class=&#8221;dc_inverser_colonnes-ligne&#8221; _builder_version=&#8221;4.17.4&#8243; _module_preset=&#8221;default&#8221; width=&#8221;100%&#8221; module_alignment=&#8221;center&#8221; height=&#8221;600px&#8221; height_tablet=&#8221;600px&#8221; height_phone=&#8221;&#8221; height_last_edited=&#8221;on|tablet&#8221; custom_padding=&#8221;0px|0px|0px|0px|false|false&#8221; custom_padding_tablet=&#8221;||2em||false|false&#8221; custom_padding_phone=&#8221;||0em||false|false&#8221; locked=&#8221;off&#8221; global_colors_info=&#8221;{}&#8221; theme_builder_area=&#8221;post_content&#8221;][et_pb_column type=&#8221;1_2&#8243; module_class=&#8221;centrer-verticalement&#8221; _builder_version=&#8221;4.17.4&#8243; _module_preset=&#8221;default&#8221; background_color=&#8221;#ffffff&#8221; custom_padding=&#8221;2em|2em|2em|2em|true|true&#8221; custom_padding_tablet=&#8221;4em|4em|4em|4em|true|true&#8221; custom_padding_phone=&#8221;2em|1em|2em|1em|false|true&#8221; custom_padding_last_edited=&#8221;on|phone&#8221; global_colors_info=&#8221;{}&#8221; theme_builder_area=&#8221;post_content&#8221;][et_pb_text _builder_version=&#8221;4.17.4&#8243; _module_preset=&#8221;default&#8221; width_tablet=&#8221;&#8221; width_phone=&#8221;&#8221; width_last_edited=&#8221;on|desktop&#8221; module_alignment=&#8221;center&#8221; global_colors_info=&#8221;{}&#8221; theme_builder_area=&#8221;post_content&#8221;]<\/p>\n<p style=\"text-align: left;\">Le Ch\u00e2teau Calissanne produit des vins en AOP Coteaux d&#8217;Aix-en-Provence et des huiles d&#8217;olive en AOP Aix-en-Provence et Provence.<\/p>\n<p>[\/et_pb_text][et_pb_button button_url=&#8221;https:\/\/calissanneboutique.fr\/collections\/nos-huiles-dolive&#8221; url_new_window=&#8221;on&#8221; button_text=&#8221;D\u00e9couvrez les huiles d&#8217;olive&#8221; button_alignment=&#8221;left&#8221; _builder_version=&#8221;4.17.4&#8243; custom_button=&#8221;on&#8221; button_text_size=&#8221;13px&#8221; button_text_color=&#8221;#545554&#8243; button_bg_color=&#8221;RGBA(255,255,255,0)&#8221; button_border_width=&#8221;1px&#8221; button_border_radius=&#8221;0px&#8221; button_letter_spacing=&#8221;3px&#8221; button_font=&#8221;Karla|||on|||||&#8221; background_layout=&#8221;dark&#8221; custom_margin=&#8221;1em||||false|false&#8221; custom_padding=&#8221;|||&#8221; animation_direction=&#8221;bottom&#8221; button_bg_color_hover=&#8221;#545554&#8243; locked=&#8221;off&#8221; global_colors_info=&#8221;{}&#8221; button_text_size__hover_enabled=&#8221;off&#8221; button_one_text_size__hover_enabled=&#8221;off&#8221; button_two_text_size__hover_enabled=&#8221;off&#8221; button_text_color__hover_enabled=&#8221;off&#8221; button_one_text_color__hover_enabled=&#8221;off&#8221; button_two_text_color__hover_enabled=&#8221;off&#8221; button_border_width__hover_enabled=&#8221;off&#8221; button_one_border_width__hover_enabled=&#8221;off&#8221; button_two_border_width__hover_enabled=&#8221;off&#8221; button_border_color__hover_enabled=&#8221;off&#8221; button_one_border_color__hover_enabled=&#8221;off&#8221; button_two_border_color__hover_enabled=&#8221;off&#8221; button_border_radius__hover_enabled=&#8221;off&#8221; button_one_border_radius__hover_enabled=&#8221;off&#8221; button_two_border_radius__hover_enabled=&#8221;off&#8221; button_letter_spacing__hover_enabled=&#8221;off&#8221; button_one_letter_spacing__hover_enabled=&#8221;off&#8221; button_two_letter_spacing__hover_enabled=&#8221;off&#8221; button_bg_color__hover_enabled=&#8221;off|desktop&#8221; button_bg_color__hover=&#8221;#545554&#8243; button_one_bg_color__hover_enabled=&#8221;off&#8221; button_two_bg_color__hover_enabled=&#8221;off&#8221; theme_builder_area=&#8221;post_content&#8221;]&nbsp;<br \/>\n[\/et_pb_button][et_pb_button button_url=&#8221;https:\/\/calissanneboutique.fr\/&#8221; url_new_window=&#8221;on&#8221; button_text=&#8221;D\u00e9couvrez les vins&#8221; button_alignment=&#8221;left&#8221; _builder_version=&#8221;4.17.4&#8243; custom_button=&#8221;on&#8221; button_text_size=&#8221;13px&#8221; button_text_color=&#8221;#545554&#8243; button_bg_color=&#8221;RGBA(255,255,255,0)&#8221; button_border_width=&#8221;1px&#8221; button_border_radius=&#8221;0px&#8221; button_letter_spacing=&#8221;3px&#8221; button_font=&#8221;Karla|||on|||||&#8221; background_layout=&#8221;dark&#8221; custom_margin=&#8221;1em||||false|false&#8221; custom_padding=&#8221;|||&#8221; animation_direction=&#8221;bottom&#8221; button_bg_color_hover=&#8221;#545554&#8243; locked=&#8221;off&#8221; global_colors_info=&#8221;{}&#8221; button_text_size__hover_enabled=&#8221;off&#8221; button_one_text_size__hover_enabled=&#8221;off&#8221; button_two_text_size__hover_enabled=&#8221;off&#8221; button_text_color__hover_enabled=&#8221;off&#8221; button_one_text_color__hover_enabled=&#8221;off&#8221; button_two_text_color__hover_enabled=&#8221;off&#8221; button_border_width__hover_enabled=&#8221;off&#8221; button_one_border_width__hover_enabled=&#8221;off&#8221; button_two_border_width__hover_enabled=&#8221;off&#8221; button_border_color__hover_enabled=&#8221;off&#8221; button_one_border_color__hover_enabled=&#8221;off&#8221; button_two_border_color__hover_enabled=&#8221;off&#8221; button_border_radius__hover_enabled=&#8221;off&#8221; button_one_border_radius__hover_enabled=&#8221;off&#8221; button_two_border_radius__hover_enabled=&#8221;off&#8221; button_letter_spacing__hover_enabled=&#8221;off&#8221; button_one_letter_spacing__hover_enabled=&#8221;off&#8221; button_two_letter_spacing__hover_enabled=&#8221;off&#8221; button_bg_color__hover_enabled=&#8221;off|desktop&#8221; button_bg_color__hover=&#8221;#545554&#8243; button_one_bg_color__hover_enabled=&#8221;off&#8221; button_two_bg_color__hover_enabled=&#8221;off&#8221; theme_builder_area=&#8221;post_content&#8221;]&nbsp;<br \/>\n[\/et_pb_button][\/et_pb_column][et_pb_column type=&#8221;1_2&#8243; _builder_version=&#8221;4.17.4&#8243; _module_preset=&#8221;default&#8221; background_image=&#8221;https:\/\/clefdesaintthomas.com\/wp-content\/uploads\/chateau-Calissanne-terroir.jpg&#8221; global_colors_info=&#8221;{}&#8221; theme_builder_area=&#8221;post_content&#8221;][et_pb_code _builder_version=&#8221;4.17.4&#8243; _module_preset=&#8221;default&#8221; height=&#8221;600px&#8221; height_tablet=&#8221;400px&#8221; height_phone=&#8221;350px&#8221; height_last_edited=&#8221;on|desktop&#8221; global_colors_info=&#8221;{}&#8221; theme_builder_area=&#8221;post_content&#8221;][\/et_pb_code][\/et_pb_column][\/et_pb_row][\/et_pb_section]<\/p>\n","protected":false},"excerpt":{"rendered":"<p>La propri\u00e9t\u00e9 familiale situ\u00e9e \u00e0 Lan\u00e7on Provence, le Ch\u00e2teau de Calissanne constitue un v\u00e9ritable joyaux nich\u00e9 au coeur de la Provence. Le Ch\u00e2teau Calissanne est une propri\u00e9t\u00e9 d&#8217;un seul tenant de 1 200 hectares, dont 110 hectares de vignes (AOP Coteaux d\u2019Aix-en- Provence et IGP) et 50 hectares d\u2019oliviers (AOP Provence et Aix-en-Provence), est consid\u00e9r\u00e9 [&hellip;]<\/p>\n","protected":false},"author":2,"featured_media":18664,"parent":0,"menu_order":0,"comment_status":"closed","ping_status":"closed","template":"","meta":{"_acf_changed":false,"_et_pb_use_builder":"on","_et_pb_old_content":"","_et_gb_content_width":"","inline_featured_image":false,"footnotes":""},"categorie":[],"class_list":["post-19300","page","type-page","status-publish","has-post-thumbnail","hentry"],"acf":[],"_links":{"self":[{"href":"https:\/\/clefdesaintthomas.com\/en\/wp-json\/wp\/v2\/pages\/19300","targetHints":{"allow":["GET"]}}],"collection":[{"href":"https:\/\/clefdesaintthomas.com\/en\/wp-json\/wp\/v2\/pages"}],"about":[{"href":"https:\/\/clefdesaintthomas.com\/en\/wp-json\/wp\/v2\/types\/page"}],"author":[{"embeddable":true,"href":"https:\/\/clefdesaintthomas.com\/en\/wp-json\/wp\/v2\/users\/2"}],"replies":[{"embeddable":true,"href":"https:\/\/clefdesaintthomas.com\/en\/wp-json\/wp\/v2\/comments?post=19300"}],"version-history":[{"count":4,"href":"https:\/\/clefdesaintthomas.com\/en\/wp-json\/wp\/v2\/pages\/19300\/revisions"}],"predecessor-version":[{"id":19478,"href":"https:\/\/clefdesaintthomas.com\/en\/wp-json\/wp\/v2\/pages\/19300\/revisions\/19478"}],"wp:featuredmedia":[{"embeddable":true,"href":"https:\/\/clefdesaintthomas.com\/en\/wp-json\/wp\/v2\/media\/18664"}],"wp:attachment":[{"href":"https:\/\/clefdesaintthomas.com\/en\/wp-json\/wp\/v2\/media?parent=19300"}],"wp:term":[{"taxonomy":"categorie","embeddable":true,"href":"https:\/\/clefdesaintthomas.com\/en\/wp-json\/wp\/v2\/categorie?post=19300"}],"curies":[{"name":"wp","href":"https:\/\/api.w.org\/{rel}","templated":true}]}}