{"id":19602,"date":"2022-11-18T17:01:20","date_gmt":"2022-11-18T16:01:20","guid":{"rendered":"https:\/\/clefdesaintthomas.com\/?page_id=19602"},"modified":"2022-11-21T14:18:54","modified_gmt":"2022-11-21T13:18:54","slug":"die-jahrgaenge-in-chateauneuf-du-pape","status":"publish","type":"page","link":"https:\/\/clefdesaintthomas.com\/de\/die-weine\/die-jahrgaenge-in-chateauneuf-du-pape\/","title":{"rendered":"Die Jahrg\u00e4nge in Ch\u00e2teauneuf-du-Pape"},"content":{"rendered":"<p>[et_pb_section fb_built=&#8220;1&#8243; custom_padding_last_edited=&#8220;on|phone&#8220; _builder_version=&#8220;4.17.4&#8243; _module_preset=&#8220;default&#8220; width=&#8220;100%&#8220; width_tablet=&#8220;70%&#8220; width_phone=&#8220;100%&#8220; width_last_edited=&#8220;on|tablet&#8220; max_width=&#8220;1080px&#8220; module_alignment=&#8220;center&#8220; custom_padding=&#8220;0em|0em|0em|0em|true|true&#8220; custom_padding_tablet=&#8220;|1em||1em|true|true&#8220; custom_padding_phone=&#8220;|1em||1em|true|true&#8220; locked=&#8220;off&#8220; global_colors_info=&#8220;{}&#8220;][et_pb_row _builder_version=&#8220;4.17.4&#8243; _module_preset=&#8220;default&#8220; width=&#8220;600px&#8220; width_tablet=&#8220;90%&#8220; width_phone=&#8220;90%&#8220; width_last_edited=&#8220;on|phone&#8220; max_width=&#8220;100%&#8220; custom_padding=&#8220;3em||||false|false&#8220; global_colors_info=&#8220;{}&#8220;][et_pb_column type=&#8220;4_4&#8243; _builder_version=&#8220;4.16&#8243; _module_preset=&#8220;default&#8220; global_colors_info=&#8220;{}&#8220;][et_pb_text _builder_version=&#8220;4.17.4&#8243; _module_preset=&#8220;8836641a-0ef2-4879-9e53-1e1d3746ba0d&#8220; custom_margin=&#8220;||0em||false|false&#8220; hover_enabled=&#8220;0&#8243; global_colors_info=&#8220;{}&#8220; sticky_enabled=&#8220;0&#8243;]<\/p>\n<h1>Die Jahrg\u00e4nge in Ch\u00e2teauneuf-du-Pape<\/h1>\n<p>[\/et_pb_text][et_pb_text _builder_version=&#8220;4.17.4&#8243; _module_preset=&#8220;default&#8220; hover_enabled=&#8220;0&#8243; global_colors_info=&#8220;{}&#8220; sticky_enabled=&#8220;0&#8243;]<\/p>\n<p style=\"text-align: center;\">D\u00e9couvrez les mill\u00e9simes \u00e0 Ch\u00e2teauneuf-du-Pape ann\u00e9e apr\u00e8s ann\u00e9e.<br \/>\nCaract\u00e9ristiques annuelles climatiques, r\u00e9coltes, caract\u00e8res du vin, rendements&#8230;<\/p>\n<p>[\/et_pb_text][et_pb_text disabled_on=&#8220;on|on|on&#8220; _builder_version=&#8220;4.16&#8243; _module_preset=&#8220;default&#8220; text_text_color=&#8220;#666666&#8243; header_text_color=&#8220;#DE643A&#8220; header_3_text_color=&#8220;#666666&#8243; disabled=&#8220;on&#8220; global_colors_info=&#8220;{}&#8220;]<\/p>\n<h3 style=\"text-align: center;\">C\u00e9l\u00e9brez P\u00e2ques avec le Ch\u00e2teau Calissanne !<\/h3>\n<p>[\/et_pb_text][et_pb_image src=&#8220;https:\/\/clefdesaintthomas.com\/wp-content\/uploads\/2022\/04\/ANIMATION-PAQUES-590&#215;380-ok.gif&#8220; title_text=&#8220;ANIMATION-PAQUES-590&#215;380-ok&#8220; align=&#8220;center&#8220; disabled_on=&#8220;on|on|on&#8220; _builder_version=&#8220;4.16&#8243; _module_preset=&#8220;default&#8220; disabled=&#8220;on&#8220; global_colors_info=&#8220;{}&#8220;][\/et_pb_image][\/et_pb_column][\/et_pb_row][et_pb_row column_structure=&#8220;1_2,1_2&#8243; custom_padding_last_edited=&#8220;on|desktop&#8220; _builder_version=&#8220;4.17.4&#8243; _module_preset=&#8220;default&#8220; width=&#8220;100%&#8220; custom_padding=&#8220;|3em||3em|false|true&#8220; custom_padding_tablet=&#8220;|1em||1em|false|true&#8220; custom_padding_phone=&#8220;|1em||1em|false|true&#8220; global_colors_info=&#8220;{}&#8220;][et_pb_column type=&#8220;1_2&#8243; _builder_version=&#8220;4.17.4&#8243; _module_preset=&#8220;default&#8220; custom_padding=&#8220;2em|2em|2em|2em|true|true&#8220; custom_padding_tablet=&#8220;2em|2em|2em|2em|true|true&#8220; custom_padding_phone=&#8220;1em|1em|1em|1em|false|false&#8220; custom_padding_last_edited=&#8220;on|phone&#8220; border_width_all=&#8220;1px&#8220; border_color_all=&#8220;#E6E7E8&#8243; border_width_all_tablet=&#8220;1px&#8220; border_width_all_phone=&#8220;1px&#8220; border_width_all_last_edited=&#8220;on|phone&#8220; box_shadow_style=&#8220;preset1&#8243; box_shadow_color=&#8220;rgba(0,0,0,0.04)&#8220; global_colors_info=&#8220;{}&#8220;][et_pb_text _builder_version=&#8220;4.17.4&#8243; _module_preset=&#8220;default&#8220; custom_margin=&#8220;0px||0px|0px|false|false&#8220; custom_padding=&#8220;0px||0px||false|false&#8220; global_colors_info=&#8220;{}&#8220;]<\/p>\n<h2 style=\"text-align: center;\">2021<\/h2>\n<p>[\/et_pb_text][et_pb_divider color=&#8220;#797979&#8243; _builder_version=&#8220;4.17.4&#8243; _module_preset=&#8220;default&#8220; width=&#8220;8em&#8220; width_tablet=&#8220;8em&#8220; width_phone=&#8220;7em&#8220; width_last_edited=&#8220;on|desktop&#8220; module_alignment=&#8220;center&#8220; global_colors_info=&#8220;{}&#8220;][\/et_pb_divider][et_pb_text _builder_version=&#8220;4.17.4&#8243; _module_preset=&#8220;default&#8220; custom_margin=&#8220;||9px||false|false&#8220; custom_padding=&#8220;||||false|false&#8220; hover_enabled=&#8220;0&#8243; global_colors_info=&#8220;{}&#8220; sticky_enabled=&#8220;0&#8243;]<\/p>\n<p style=\"text-align: justify;\">Un mill\u00e9sime \u00e0 l\u2019ancienne au beau potentiel de vieillissement &#8211; Lire la suite sur <a href=\"https:\/\/ogi.chateauneuf.com\/upload\/files\/Mill%C3%A9sime%202021%20%C3%A0%20Ch%C3%A2teauneuf-du-Pape.pdf\" target=\"_blank\" rel=\"noopener\">chateauneuf.com<\/a><\/p>\n<p>[\/et_pb_text][et_pb_button button_url=&#8220;https:\/\/calissanneboutique.fr\/collections\/chateauneuf-du-pape\/products\/pierre-troupel-blanc-2020&#8243; button_text=&#8220;D\u00e9couvrez le Pierre Troupel blanc 2021&#8243; button_alignment=&#8220;center&#8220; _builder_version=&#8220;4.17.4&#8243; custom_button=&#8220;on&#8220; button_text_size=&#8220;13px&#8220; button_text_color=&#8220;#545554&#8243; button_bg_color=&#8220;RGBA(255,255,255,0)&#8220; button_border_width=&#8220;1px&#8220; button_border_radius=&#8220;0px&#8220; button_letter_spacing=&#8220;1px&#8220; button_font=&#8220;Karla|||on|||||&#8220; background_layout=&#8220;dark&#8220; custom_margin=&#8220;0px||||false|false&#8220; custom_padding=&#8220;|||&#8220; animation_direction=&#8220;bottom&#8220; button_bg_color_hover=&#8220;#545554&#8243; locked=&#8220;off&#8220; global_colors_info=&#8220;{}&#8220; button_text_size__hover_enabled=&#8220;off&#8220; button_one_text_size__hover_enabled=&#8220;off&#8220; button_two_text_size__hover_enabled=&#8220;off&#8220; button_text_color__hover_enabled=&#8220;off&#8220; button_one_text_color__hover_enabled=&#8220;off&#8220; button_two_text_color__hover_enabled=&#8220;off&#8220; button_border_width__hover_enabled=&#8220;off&#8220; button_one_border_width__hover_enabled=&#8220;off&#8220; button_two_border_width__hover_enabled=&#8220;off&#8220; button_border_color__hover_enabled=&#8220;off&#8220; button_one_border_color__hover_enabled=&#8220;off&#8220; button_two_border_color__hover_enabled=&#8220;off&#8220; button_border_radius__hover_enabled=&#8220;off&#8220; button_one_border_radius__hover_enabled=&#8220;off&#8220; button_two_border_radius__hover_enabled=&#8220;off&#8220; button_letter_spacing__hover_enabled=&#8220;off&#8220; button_one_letter_spacing__hover_enabled=&#8220;off&#8220; button_two_letter_spacing__hover_enabled=&#8220;off&#8220; button_bg_color__hover_enabled=&#8220;off|desktop&#8220; button_bg_color__hover=&#8220;#545554&#8243; button_one_bg_color__hover_enabled=&#8220;off&#8220; button_two_bg_color__hover_enabled=&#8220;off&#8220;]&nbsp;<br \/>\n[\/et_pb_button][\/et_pb_column][et_pb_column type=&#8220;1_2&#8243; _builder_version=&#8220;4.17.4&#8243; _module_preset=&#8220;default&#8220; custom_padding=&#8220;2em|2em|2em|2em|true|true&#8220; custom_padding_tablet=&#8220;2em|2em|2em|2em|true|true&#8220; custom_padding_phone=&#8220;1em|1em|1em|1em|false|false&#8220; custom_padding_last_edited=&#8220;on|phone&#8220; border_width_all=&#8220;1px&#8220; border_color_all=&#8220;#E6E7E8&#8243; border_width_all_tablet=&#8220;1px&#8220; border_width_all_phone=&#8220;1px&#8220; border_width_all_last_edited=&#8220;on|phone&#8220; box_shadow_style=&#8220;preset1&#8243; box_shadow_color=&#8220;rgba(0,0,0,0.04)&#8220; global_colors_info=&#8220;{}&#8220;][et_pb_text _builder_version=&#8220;4.17.4&#8243; _module_preset=&#8220;default&#8220; custom_margin=&#8220;0px||0px|0px|false|false&#8220; custom_padding=&#8220;0px||0px||false|false&#8220; global_colors_info=&#8220;{}&#8220;]<\/p>\n<h2 style=\"text-align: center;\">2020<\/h2>\n<p>[\/et_pb_text][et_pb_divider color=&#8220;#797979&#8243; _builder_version=&#8220;4.17.4&#8243; _module_preset=&#8220;default&#8220; width=&#8220;8em&#8220; width_tablet=&#8220;8em&#8220; width_phone=&#8220;7em&#8220; width_last_edited=&#8220;on|desktop&#8220; module_alignment=&#8220;center&#8220; global_colors_info=&#8220;{}&#8220;][\/et_pb_divider][et_pb_text _builder_version=&#8220;4.17.4&#8243; _module_preset=&#8220;default&#8220; custom_margin=&#8220;||9px||false|false&#8220; custom_padding=&#8220;||||false|false&#8220; global_colors_info=&#8220;{}&#8220;]<\/p>\n<p style=\"text-align: justify;\">Un mill\u00e9sime apais\u00e9, tout en rondeur et en \u00e9quilibre &#8211; Lire la suite sur <a href=\"https:\/\/ogi.chateauneuf.com\/upload\/files\/Mille%CC%81sime%202020%20a%CC%80%20Cha%CC%82teauneuf-du-Pape%20(FR).pdf\" target=\"_blank\" rel=\"noopener\">chateauneuf.com<\/a><\/p>\n<p>[\/et_pb_text][et_pb_button button_url=&#8220;https:\/\/calissanneboutique.fr\/collections\/chateauneuf-du-pape\/&#8220; button_text=&#8220;D\u00e9couvrez le Pierre Troupel rouge 2020&#8243; button_alignment=&#8220;center&#8220; _builder_version=&#8220;4.17.4&#8243; custom_button=&#8220;on&#8220; button_text_size=&#8220;13px&#8220; button_text_color=&#8220;#545554&#8243; button_bg_color=&#8220;RGBA(255,255,255,0)&#8220; button_border_width=&#8220;1px&#8220; button_border_radius=&#8220;0px&#8220; button_letter_spacing=&#8220;1px&#8220; button_font=&#8220;Karla|||on|||||&#8220; background_layout=&#8220;dark&#8220; custom_margin=&#8220;0px||||false|false&#8220; custom_padding=&#8220;|||&#8220; animation_direction=&#8220;bottom&#8220; button_bg_color_hover=&#8220;#545554&#8243; locked=&#8220;off&#8220; global_colors_info=&#8220;{}&#8220; button_text_size__hover_enabled=&#8220;off&#8220; button_one_text_size__hover_enabled=&#8220;off&#8220; button_two_text_size__hover_enabled=&#8220;off&#8220; button_text_color__hover_enabled=&#8220;off&#8220; button_one_text_color__hover_enabled=&#8220;off&#8220; button_two_text_color__hover_enabled=&#8220;off&#8220; button_border_width__hover_enabled=&#8220;off&#8220; button_one_border_width__hover_enabled=&#8220;off&#8220; button_two_border_width__hover_enabled=&#8220;off&#8220; button_border_color__hover_enabled=&#8220;off&#8220; button_one_border_color__hover_enabled=&#8220;off&#8220; button_two_border_color__hover_enabled=&#8220;off&#8220; button_border_radius__hover_enabled=&#8220;off&#8220; button_one_border_radius__hover_enabled=&#8220;off&#8220; button_two_border_radius__hover_enabled=&#8220;off&#8220; button_letter_spacing__hover_enabled=&#8220;off&#8220; button_one_letter_spacing__hover_enabled=&#8220;off&#8220; button_two_letter_spacing__hover_enabled=&#8220;off&#8220; button_bg_color__hover_enabled=&#8220;off|desktop&#8220; button_bg_color__hover=&#8220;#545554&#8243; button_one_bg_color__hover_enabled=&#8220;off&#8220; button_two_bg_color__hover_enabled=&#8220;off&#8220;]&nbsp;<br \/>\n[\/et_pb_button][\/et_pb_column][\/et_pb_row][et_pb_row column_structure=&#8220;1_2,1_2&#8243; custom_padding_last_edited=&#8220;on|desktop&#8220; _builder_version=&#8220;4.17.4&#8243; _module_preset=&#8220;default&#8220; width=&#8220;100%&#8220; custom_padding=&#8220;|3em||3em|false|true&#8220; custom_padding_tablet=&#8220;|1em||1em|false|true&#8220; custom_padding_phone=&#8220;|1em||1em|false|true&#8220; global_colors_info=&#8220;{}&#8220;][et_pb_column type=&#8220;1_2&#8243; _builder_version=&#8220;4.17.4&#8243; _module_preset=&#8220;default&#8220; custom_padding=&#8220;2em|2em|2em|2em|true|true&#8220; custom_padding_tablet=&#8220;2em|2em|2em|2em|true|true&#8220; custom_padding_phone=&#8220;1em|1em|1em|1em|false|false&#8220; custom_padding_last_edited=&#8220;on|phone&#8220; border_width_all=&#8220;1px&#8220; border_color_all=&#8220;#E6E7E8&#8243; border_width_all_tablet=&#8220;1px&#8220; border_width_all_phone=&#8220;1px&#8220; border_width_all_last_edited=&#8220;on|phone&#8220; box_shadow_style=&#8220;preset1&#8243; box_shadow_color=&#8220;rgba(0,0,0,0.04)&#8220; global_colors_info=&#8220;{}&#8220;][et_pb_text _builder_version=&#8220;4.17.4&#8243; _module_preset=&#8220;default&#8220; custom_margin=&#8220;0px||0px|0px|false|false&#8220; custom_padding=&#8220;0px||0px||false|false&#8220; global_colors_info=&#8220;{}&#8220;]<\/p>\n<h2 style=\"text-align: center;\">2019<\/h2>\n<p>[\/et_pb_text][et_pb_divider color=&#8220;#797979&#8243; _builder_version=&#8220;4.17.4&#8243; _module_preset=&#8220;default&#8220; width=&#8220;8em&#8220; width_tablet=&#8220;8em&#8220; width_phone=&#8220;7em&#8220; width_last_edited=&#8220;on|desktop&#8220; module_alignment=&#8220;center&#8220; global_colors_info=&#8220;{}&#8220;][\/et_pb_divider][et_pb_text _builder_version=&#8220;4.17.4&#8243; _module_preset=&#8220;default&#8220; custom_margin=&#8220;||9px||false|false&#8220; custom_padding=&#8220;||||false|false&#8220; global_colors_info=&#8220;{}&#8220;]<\/p>\n<p style=\"text-align: justify;\">Un mill\u00e9sime suberbe haut en couleur et de belle facture &#8211; Lire la suite sur <a href=\"https:\/\/ogi.chateauneuf.com\/upload\/files\/Mille%CC%81sime%202019%20version%20FR.pdf\" target=\"_blank\" rel=\"noopener\">chateauneuf.com<\/a><\/p>\n<p>[\/et_pb_text][et_pb_button button_url=&#8220;https:\/\/calissanneboutique.fr\/collections\/chateauneuf-du-pape\/&#8220; button_text=&#8220;D\u00e9couvrez nos Ch\u00e2teauneuf-du-Pape 2019&#8243; button_alignment=&#8220;center&#8220; _builder_version=&#8220;4.17.4&#8243; custom_button=&#8220;on&#8220; button_text_size=&#8220;13px&#8220; button_text_color=&#8220;#545554&#8243; button_bg_color=&#8220;RGBA(255,255,255,0)&#8220; button_border_width=&#8220;1px&#8220; button_border_radius=&#8220;0px&#8220; button_letter_spacing=&#8220;1px&#8220; button_font=&#8220;Karla|||on|||||&#8220; background_layout=&#8220;dark&#8220; custom_margin=&#8220;0px||||false|false&#8220; custom_padding=&#8220;|||&#8220; animation_direction=&#8220;bottom&#8220; button_bg_color_hover=&#8220;#545554&#8243; locked=&#8220;off&#8220; global_colors_info=&#8220;{}&#8220; button_text_size__hover_enabled=&#8220;off&#8220; button_one_text_size__hover_enabled=&#8220;off&#8220; button_two_text_size__hover_enabled=&#8220;off&#8220; button_text_color__hover_enabled=&#8220;off&#8220; button_one_text_color__hover_enabled=&#8220;off&#8220; button_two_text_color__hover_enabled=&#8220;off&#8220; button_border_width__hover_enabled=&#8220;off&#8220; button_one_border_width__hover_enabled=&#8220;off&#8220; button_two_border_width__hover_enabled=&#8220;off&#8220; button_border_color__hover_enabled=&#8220;off&#8220; button_one_border_color__hover_enabled=&#8220;off&#8220; button_two_border_color__hover_enabled=&#8220;off&#8220; button_border_radius__hover_enabled=&#8220;off&#8220; button_one_border_radius__hover_enabled=&#8220;off&#8220; button_two_border_radius__hover_enabled=&#8220;off&#8220; button_letter_spacing__hover_enabled=&#8220;off&#8220; button_one_letter_spacing__hover_enabled=&#8220;off&#8220; button_two_letter_spacing__hover_enabled=&#8220;off&#8220; button_bg_color__hover_enabled=&#8220;off|desktop&#8220; button_bg_color__hover=&#8220;#545554&#8243; button_one_bg_color__hover_enabled=&#8220;off&#8220; button_two_bg_color__hover_enabled=&#8220;off&#8220;]&nbsp;<br \/>\n[\/et_pb_button][\/et_pb_column][et_pb_column type=&#8220;1_2&#8243; _builder_version=&#8220;4.17.4&#8243; _module_preset=&#8220;default&#8220; custom_padding=&#8220;2em|2em|2em|2em|true|true&#8220; custom_padding_tablet=&#8220;2em|2em|2em|2em|true|true&#8220; custom_padding_phone=&#8220;1em|1em|1em|1em|false|false&#8220; custom_padding_last_edited=&#8220;on|phone&#8220; border_width_all=&#8220;1px&#8220; border_color_all=&#8220;#E6E7E8&#8243; border_width_all_tablet=&#8220;1px&#8220; border_width_all_phone=&#8220;1px&#8220; border_width_all_last_edited=&#8220;on|phone&#8220; box_shadow_style=&#8220;preset1&#8243; box_shadow_color=&#8220;rgba(0,0,0,0.04)&#8220; global_colors_info=&#8220;{}&#8220;][et_pb_text _builder_version=&#8220;4.17.4&#8243; _module_preset=&#8220;default&#8220; custom_margin=&#8220;0px||0px|0px|false|false&#8220; custom_padding=&#8220;0px||0px||false|false&#8220; global_colors_info=&#8220;{}&#8220;]<\/p>\n<h2 style=\"text-align: center;\">2018<\/h2>\n<p>[\/et_pb_text][et_pb_divider color=&#8220;#797979&#8243; _builder_version=&#8220;4.17.4&#8243; _module_preset=&#8220;default&#8220; width=&#8220;8em&#8220; width_tablet=&#8220;8em&#8220; width_phone=&#8220;7em&#8220; width_last_edited=&#8220;on|desktop&#8220; module_alignment=&#8220;center&#8220; global_colors_info=&#8220;{}&#8220;][\/et_pb_divider][et_pb_text _builder_version=&#8220;4.17.4&#8243; _module_preset=&#8220;default&#8220; custom_margin=&#8220;||9px||false|false&#8220; custom_padding=&#8220;||||false|false&#8220; global_colors_info=&#8220;{}&#8220;]<\/p>\n<p style=\"text-align: justify;\">De belles maturit\u00e9s et de beaux \u00e9quilibres &#8211; Lire la suite sur <a href=\"https:\/\/ogi.chateauneuf.com\/upload\/files\/Mille-sime-Cha-teauneuf-du-Pape-2018-FR.pdf\" target=\"_blank\" rel=\"noopener\">chateauneuf.com<\/a><\/p>\n<p>[\/et_pb_text][\/et_pb_column][\/et_pb_row][\/et_pb_section]<\/p>\n","protected":false},"excerpt":{"rendered":"<p>Die Jahrg\u00e4nge in Ch\u00e2teauneuf-du-PapeD\u00e9couvrez les mill\u00e9simes \u00e0 Ch\u00e2teauneuf-du-Pape ann\u00e9e apr\u00e8s ann\u00e9e. Caract\u00e9ristiques annuelles climatiques, r\u00e9coltes, caract\u00e8res du vin, rendements&#8230; C\u00e9l\u00e9brez P\u00e2ques avec le Ch\u00e2teau Calissanne ! 2021Un mill\u00e9sime \u00e0 l\u2019ancienne au beau potentiel de vieillissement &#8211; Lire la suite sur chateauneuf.com &nbsp; 2020 Un mill\u00e9sime apais\u00e9, tout en rondeur et en \u00e9quilibre &#8211; Lire la [&hellip;]<\/p>\n","protected":false},"author":2,"featured_media":18509,"parent":19600,"menu_order":0,"comment_status":"closed","ping_status":"closed","template":"","meta":{"_acf_changed":false,"_et_pb_use_builder":"on","_et_pb_old_content":"","_et_gb_content_width":"","inline_featured_image":false,"footnotes":""},"categorie":[],"class_list":["post-19602","page","type-page","status-publish","has-post-thumbnail","hentry"],"acf":[],"_links":{"self":[{"href":"https:\/\/clefdesaintthomas.com\/de\/wp-json\/wp\/v2\/pages\/19602","targetHints":{"allow":["GET"]}}],"collection":[{"href":"https:\/\/clefdesaintthomas.com\/de\/wp-json\/wp\/v2\/pages"}],"about":[{"href":"https:\/\/clefdesaintthomas.com\/de\/wp-json\/wp\/v2\/types\/page"}],"author":[{"embeddable":true,"href":"https:\/\/clefdesaintthomas.com\/de\/wp-json\/wp\/v2\/users\/2"}],"replies":[{"embeddable":true,"href":"https:\/\/clefdesaintthomas.com\/de\/wp-json\/wp\/v2\/comments?post=19602"}],"version-history":[{"count":2,"href":"https:\/\/clefdesaintthomas.com\/de\/wp-json\/wp\/v2\/pages\/19602\/revisions"}],"predecessor-version":[{"id":19643,"href":"https:\/\/clefdesaintthomas.com\/de\/wp-json\/wp\/v2\/pages\/19602\/revisions\/19643"}],"up":[{"embeddable":true,"href":"https:\/\/clefdesaintthomas.com\/de\/wp-json\/wp\/v2\/pages\/19600"}],"wp:featuredmedia":[{"embeddable":true,"href":"https:\/\/clefdesaintthomas.com\/de\/wp-json\/wp\/v2\/media\/18509"}],"wp:attachment":[{"href":"https:\/\/clefdesaintthomas.com\/de\/wp-json\/wp\/v2\/media?parent=19602"}],"wp:term":[{"taxonomy":"categorie","embeddable":true,"href":"https:\/\/clefdesaintthomas.com\/de\/wp-json\/wp\/v2\/categorie?post=19602"}],"curies":[{"name":"wp","href":"https:\/\/api.w.org\/{rel}","templated":true}]}}