{"id":19589,"date":"2022-11-18T16:57:23","date_gmt":"2022-11-18T15:57:23","guid":{"rendered":"https:\/\/clefdesaintthomas.com\/?page_id=19589"},"modified":"2022-11-21T14:22:05","modified_gmt":"2022-11-21T13:22:05","slug":"chateau-calissanne-im-herzen-der-provence","status":"publish","type":"page","link":"https:\/\/clefdesaintthomas.com\/de\/chateau-calissanne-im-herzen-der-provence\/","title":{"rendered":"Ch\u00e2teau Calissanne, im Herzen der Provence"},"content":{"rendered":"<p>[et_pb_section fb_built=&#8220;1&#8243; fullwidth=&#8220;on&#8220; _builder_version=&#8220;4.17.4&#8243; _module_preset=&#8220;default&#8220; global_colors_info=&#8220;{}&#8220;][et_pb_fullwidth_header title=&#8220;Ch\u00e2teau Calissanne, au c\u0153ur de la Provence &#8220; header_scroll_down=&#8220;on&#8220; scroll_down_icon=&#8220;%%3%%&#8220; scroll_down_icon_size=&#8220;26px&#8220; module_class=&#8220;centrer-verticalement&#8220; _builder_version=&#8220;4.17.4&#8243; _module_preset=&#8220;default&#8220; title_text_align=&#8220;center&#8220; title_text_color=&#8220;#ffffff&#8220; background_enable_image=&#8220;off&#8220; background_video_mp4=&#8220;https:\/\/clefdesaintthomas.com\/wp-content\/uploads\/INTRO-CALISSANNE-1280x720_1.mp4&#8243; height=&#8220;600px&#8220; custom_padding=&#8220;||||false|false&#8220; global_colors_info=&#8220;{}&#8220;][\/et_pb_fullwidth_header][\/et_pb_section][et_pb_section fb_built=&#8220;1&#8243; module_class=&#8220;dc_inverser_colonnes-section&#8220; _builder_version=&#8220;4.17.4&#8243; _module_preset=&#8220;default&#8220; background_color=&#8220;#f8f8f8&#8243; global_colors_info=&#8220;{}&#8220;][et_pb_row column_structure=&#8220;1_2,1_2&#8243; use_custom_gutter=&#8220;on&#8220; gutter_width=&#8220;1&#8243; make_equal=&#8220;on&#8220; _builder_version=&#8220;4.17.4&#8243; _module_preset=&#8220;default&#8220; width=&#8220;100%&#8220; module_alignment=&#8220;center&#8220; height=&#8220;600px&#8220; custom_padding=&#8220;0px|0px|0px|0px|true|false&#8220; locked=&#8220;off&#8220; global_colors_info=&#8220;{}&#8220;][et_pb_column type=&#8220;1_2&#8243; _builder_version=&#8220;4.17.4&#8243; _module_preset=&#8220;default&#8220; background_image=&#8220;https:\/\/clefdesaintthomas.com\/wp-content\/uploads\/chateau-calissanne-vin-provence.jpg&#8220; global_colors_info=&#8220;{}&#8220;][et_pb_code _builder_version=&#8220;4.17.4&#8243; _module_preset=&#8220;default&#8220; height=&#8220;600px&#8220; height_tablet=&#8220;400px&#8220; height_phone=&#8220;350px&#8220; height_last_edited=&#8220;on|phone&#8220; global_colors_info=&#8220;{}&#8220;][\/et_pb_code][et_pb_code _builder_version=&#8220;4.17.4&#8243; _module_preset=&#8220;default&#8220; height=&#8220;600px&#8220; height_tablet=&#8220;400px&#8220; height_phone=&#8220;350px&#8220; height_last_edited=&#8220;on|desktop&#8220; global_colors_info=&#8220;{}&#8220;][\/et_pb_code][\/et_pb_column][et_pb_column type=&#8220;1_2&#8243; module_class=&#8220;centrer-verticalement &#8220; _builder_version=&#8220;4.17.4&#8243; _module_preset=&#8220;default&#8220; background_color=&#8220;#ffffff&#8220; custom_padding=&#8220;2em|2em|2em|2em|true|true&#8220; custom_padding_tablet=&#8220;4em|4em|4em|4em|true|true&#8220; custom_padding_phone=&#8220;2em|1em|2em|1em|true|true&#8220; custom_padding_last_edited=&#8220;on|phone&#8220; global_colors_info=&#8220;{}&#8220;][et_pb_text _builder_version=&#8220;4.17.4&#8243; _module_preset=&#8220;default&#8220; width_tablet=&#8220;&#8220; width_phone=&#8220;&#8220; width_last_edited=&#8220;on|desktop&#8220; module_alignment=&#8220;center&#8220; global_colors_info=&#8220;{}&#8220;]<\/p>\n<p style=\"text-align: left;\">La propri\u00e9t\u00e9 familiale situ\u00e9e \u00e0 Lan\u00e7on Provence, le Ch\u00e2teau de Calissanne constitue un v\u00e9ritable joyaux nich\u00e9 au coeur de la Provence.<\/p>\n<p>Le Ch\u00e2teau Calissanne est une propri\u00e9t\u00e9 d&#8217;un seul tenant de 1 200 hectares, dont 110 hectares de vignes (AOP Coteaux d\u2019Aix-en- Provence et IGP) et 50 hectares d\u2019oliviers (AOP Provence et Aix-en-Provence), est consid\u00e9r\u00e9 comme un domaine hors du commun, un territoire \u00e0 lui seul entre histoire, nature, biodiversit\u00e9 et activit\u00e9s agricoles (vins, huiles d\u2019olive, grandes cultures).<\/p>\n<p>[\/et_pb_text][et_pb_button button_url=&#8220;https:\/\/www.chateau-calissanne.fr\/&#8220; url_new_window=&#8220;on&#8220; button_text=&#8220;D\u00e9couvrez le Ch\u00e2teau Calissanne&#8220; button_alignment=&#8220;left&#8220; _builder_version=&#8220;4.17.4&#8243; custom_button=&#8220;on&#8220; button_text_size=&#8220;13px&#8220; button_text_color=&#8220;#545554&#8243; button_bg_color=&#8220;RGBA(255,255,255,0)&#8220; button_border_width=&#8220;1px&#8220; button_border_radius=&#8220;0px&#8220; button_letter_spacing=&#8220;3px&#8220; button_font=&#8220;Karla|||on|||||&#8220; background_layout=&#8220;dark&#8220; custom_margin=&#8220;1em||||false|false&#8220; custom_padding=&#8220;|||&#8220; animation_direction=&#8220;bottom&#8220; button_bg_color_hover=&#8220;#545554&#8243; locked=&#8220;off&#8220; global_colors_info=&#8220;{}&#8220; button_text_size__hover_enabled=&#8220;off&#8220; button_one_text_size__hover_enabled=&#8220;off&#8220; button_two_text_size__hover_enabled=&#8220;off&#8220; button_text_color__hover_enabled=&#8220;off&#8220; button_one_text_color__hover_enabled=&#8220;off&#8220; button_two_text_color__hover_enabled=&#8220;off&#8220; button_border_width__hover_enabled=&#8220;off&#8220; button_one_border_width__hover_enabled=&#8220;off&#8220; button_two_border_width__hover_enabled=&#8220;off&#8220; button_border_color__hover_enabled=&#8220;off&#8220; button_one_border_color__hover_enabled=&#8220;off&#8220; button_two_border_color__hover_enabled=&#8220;off&#8220; button_border_radius__hover_enabled=&#8220;off&#8220; button_one_border_radius__hover_enabled=&#8220;off&#8220; button_two_border_radius__hover_enabled=&#8220;off&#8220; button_letter_spacing__hover_enabled=&#8220;off&#8220; button_one_letter_spacing__hover_enabled=&#8220;off&#8220; button_two_letter_spacing__hover_enabled=&#8220;off&#8220; button_bg_color__hover_enabled=&#8220;off|desktop&#8220; button_bg_color__hover=&#8220;#545554&#8243; button_one_bg_color__hover_enabled=&#8220;off&#8220; button_two_bg_color__hover_enabled=&#8220;off&#8220;]<\/p>\n<p>&nbsp;<\/p>\n<p>[\/et_pb_button][\/et_pb_column][\/et_pb_row][et_pb_row column_structure=&#8220;1_2,1_2&#8243; use_custom_gutter=&#8220;on&#8220; gutter_width=&#8220;1&#8243; make_equal=&#8220;on&#8220; custom_padding_last_edited=&#8220;on|phone&#8220; module_class=&#8220;dc_inverser_colonnes-ligne&#8220; _builder_version=&#8220;4.17.4&#8243; _module_preset=&#8220;default&#8220; width=&#8220;100%&#8220; module_alignment=&#8220;center&#8220; height=&#8220;600px&#8220; height_tablet=&#8220;600px&#8220; height_phone=&#8220;&#8220; height_last_edited=&#8220;on|tablet&#8220; custom_padding=&#8220;0px|0px|0px|0px|false|false&#8220; custom_padding_tablet=&#8220;||2em||false|false&#8220; custom_padding_phone=&#8220;||0em||false|false&#8220; locked=&#8220;off&#8220; global_colors_info=&#8220;{}&#8220;][et_pb_column type=&#8220;1_2&#8243; module_class=&#8220;centrer-verticalement&#8220; _builder_version=&#8220;4.17.4&#8243; _module_preset=&#8220;default&#8220; background_color=&#8220;#ffffff&#8220; custom_padding=&#8220;2em|2em|2em|2em|true|true&#8220; custom_padding_tablet=&#8220;4em|4em|4em|4em|true|true&#8220; custom_padding_phone=&#8220;2em|1em|2em|1em|false|true&#8220; custom_padding_last_edited=&#8220;on|phone&#8220; global_colors_info=&#8220;{}&#8220;][et_pb_text _builder_version=&#8220;4.17.4&#8243; _module_preset=&#8220;default&#8220; width_tablet=&#8220;&#8220; width_phone=&#8220;&#8220; width_last_edited=&#8220;on|desktop&#8220; module_alignment=&#8220;center&#8220; global_colors_info=&#8220;{}&#8220;]<\/p>\n<p style=\"text-align: left;\">Le Ch\u00e2teau Calissanne produit des vins en AOP Coteaux d&#8217;Aix-en-Provence et des huiles d&#8217;olive en AOP Aix-en-Provence et Provence.<\/p>\n<p>[\/et_pb_text][et_pb_button button_url=&#8220;https:\/\/calissanneboutique.fr\/collections\/nos-huiles-dolive&#8220; url_new_window=&#8220;on&#8220; button_text=&#8220;D\u00e9couvrez les huiles d&#8217;olive&#8220; button_alignment=&#8220;left&#8220; _builder_version=&#8220;4.17.4&#8243; custom_button=&#8220;on&#8220; button_text_size=&#8220;13px&#8220; button_text_color=&#8220;#545554&#8243; button_bg_color=&#8220;RGBA(255,255,255,0)&#8220; button_border_width=&#8220;1px&#8220; button_border_radius=&#8220;0px&#8220; button_letter_spacing=&#8220;3px&#8220; button_font=&#8220;Karla|||on|||||&#8220; background_layout=&#8220;dark&#8220; custom_margin=&#8220;1em||||false|false&#8220; custom_padding=&#8220;|||&#8220; animation_direction=&#8220;bottom&#8220; button_bg_color_hover=&#8220;#545554&#8243; locked=&#8220;off&#8220; global_colors_info=&#8220;{}&#8220; button_text_size__hover_enabled=&#8220;off&#8220; button_one_text_size__hover_enabled=&#8220;off&#8220; button_two_text_size__hover_enabled=&#8220;off&#8220; button_text_color__hover_enabled=&#8220;off&#8220; button_one_text_color__hover_enabled=&#8220;off&#8220; button_two_text_color__hover_enabled=&#8220;off&#8220; button_border_width__hover_enabled=&#8220;off&#8220; button_one_border_width__hover_enabled=&#8220;off&#8220; button_two_border_width__hover_enabled=&#8220;off&#8220; button_border_color__hover_enabled=&#8220;off&#8220; button_one_border_color__hover_enabled=&#8220;off&#8220; button_two_border_color__hover_enabled=&#8220;off&#8220; button_border_radius__hover_enabled=&#8220;off&#8220; button_one_border_radius__hover_enabled=&#8220;off&#8220; button_two_border_radius__hover_enabled=&#8220;off&#8220; button_letter_spacing__hover_enabled=&#8220;off&#8220; button_one_letter_spacing__hover_enabled=&#8220;off&#8220; button_two_letter_spacing__hover_enabled=&#8220;off&#8220; button_bg_color__hover_enabled=&#8220;off|desktop&#8220; button_bg_color__hover=&#8220;#545554&#8243; button_one_bg_color__hover_enabled=&#8220;off&#8220; button_two_bg_color__hover_enabled=&#8220;off&#8220;]<\/p>\n<p>&nbsp;<\/p>\n<p>[\/et_pb_button][et_pb_button button_url=&#8220;https:\/\/calissanneboutique.fr\/&#8220; url_new_window=&#8220;on&#8220; button_text=&#8220;D\u00e9couvrez les vins&#8220; button_alignment=&#8220;left&#8220; _builder_version=&#8220;4.17.4&#8243; custom_button=&#8220;on&#8220; button_text_size=&#8220;13px&#8220; button_text_color=&#8220;#545554&#8243; button_bg_color=&#8220;RGBA(255,255,255,0)&#8220; button_border_width=&#8220;1px&#8220; button_border_radius=&#8220;0px&#8220; button_letter_spacing=&#8220;3px&#8220; button_font=&#8220;Karla|||on|||||&#8220; background_layout=&#8220;dark&#8220; custom_margin=&#8220;1em||||false|false&#8220; custom_padding=&#8220;|||&#8220; animation_direction=&#8220;bottom&#8220; button_bg_color_hover=&#8220;#545554&#8243; locked=&#8220;off&#8220; global_colors_info=&#8220;{}&#8220; button_text_size__hover_enabled=&#8220;off&#8220; button_one_text_size__hover_enabled=&#8220;off&#8220; button_two_text_size__hover_enabled=&#8220;off&#8220; button_text_color__hover_enabled=&#8220;off&#8220; button_one_text_color__hover_enabled=&#8220;off&#8220; button_two_text_color__hover_enabled=&#8220;off&#8220; button_border_width__hover_enabled=&#8220;off&#8220; button_one_border_width__hover_enabled=&#8220;off&#8220; button_two_border_width__hover_enabled=&#8220;off&#8220; button_border_color__hover_enabled=&#8220;off&#8220; button_one_border_color__hover_enabled=&#8220;off&#8220; button_two_border_color__hover_enabled=&#8220;off&#8220; button_border_radius__hover_enabled=&#8220;off&#8220; button_one_border_radius__hover_enabled=&#8220;off&#8220; button_two_border_radius__hover_enabled=&#8220;off&#8220; button_letter_spacing__hover_enabled=&#8220;off&#8220; button_one_letter_spacing__hover_enabled=&#8220;off&#8220; button_two_letter_spacing__hover_enabled=&#8220;off&#8220; button_bg_color__hover_enabled=&#8220;off|desktop&#8220; button_bg_color__hover=&#8220;#545554&#8243; button_one_bg_color__hover_enabled=&#8220;off&#8220; button_two_bg_color__hover_enabled=&#8220;off&#8220;]<\/p>\n<p>&nbsp;<\/p>\n<p>[\/et_pb_button][\/et_pb_column][et_pb_column type=&#8220;1_2&#8243; _builder_version=&#8220;4.17.4&#8243; _module_preset=&#8220;default&#8220; background_image=&#8220;https:\/\/clefdesaintthomas.com\/wp-content\/uploads\/chateau-Calissanne-terroir.jpg&#8220; global_colors_info=&#8220;{}&#8220;][et_pb_code _builder_version=&#8220;4.17.4&#8243; _module_preset=&#8220;default&#8220; height=&#8220;600px&#8220; height_tablet=&#8220;400px&#8220; height_phone=&#8220;350px&#8220; height_last_edited=&#8220;on|desktop&#8220; global_colors_info=&#8220;{}&#8220;][\/et_pb_code][\/et_pb_column][\/et_pb_row][\/et_pb_section]<\/p>\n","protected":false},"excerpt":{"rendered":"<p>La propri\u00e9t\u00e9 familiale situ\u00e9e \u00e0 Lan\u00e7on Provence, le Ch\u00e2teau de Calissanne constitue un v\u00e9ritable joyaux nich\u00e9 au coeur de la Provence. Le Ch\u00e2teau Calissanne est une propri\u00e9t\u00e9 d&#8217;un seul tenant de 1 200 hectares, dont 110 hectares de vignes (AOP Coteaux d\u2019Aix-en- Provence et IGP) et 50 hectares d\u2019oliviers (AOP Provence et Aix-en-Provence), est consid\u00e9r\u00e9 [&hellip;]<\/p>\n","protected":false},"author":2,"featured_media":18665,"parent":0,"menu_order":0,"comment_status":"closed","ping_status":"closed","template":"","meta":{"_acf_changed":false,"_et_pb_use_builder":"on","_et_pb_old_content":"","_et_gb_content_width":"","inline_featured_image":false,"footnotes":""},"categorie":[],"class_list":["post-19589","page","type-page","status-publish","has-post-thumbnail","hentry"],"acf":[],"_links":{"self":[{"href":"https:\/\/clefdesaintthomas.com\/de\/wp-json\/wp\/v2\/pages\/19589","targetHints":{"allow":["GET"]}}],"collection":[{"href":"https:\/\/clefdesaintthomas.com\/de\/wp-json\/wp\/v2\/pages"}],"about":[{"href":"https:\/\/clefdesaintthomas.com\/de\/wp-json\/wp\/v2\/types\/page"}],"author":[{"embeddable":true,"href":"https:\/\/clefdesaintthomas.com\/de\/wp-json\/wp\/v2\/users\/2"}],"replies":[{"embeddable":true,"href":"https:\/\/clefdesaintthomas.com\/de\/wp-json\/wp\/v2\/comments?post=19589"}],"version-history":[{"count":1,"href":"https:\/\/clefdesaintthomas.com\/de\/wp-json\/wp\/v2\/pages\/19589\/revisions"}],"predecessor-version":[{"id":19619,"href":"https:\/\/clefdesaintthomas.com\/de\/wp-json\/wp\/v2\/pages\/19589\/revisions\/19619"}],"wp:featuredmedia":[{"embeddable":true,"href":"https:\/\/clefdesaintthomas.com\/de\/wp-json\/wp\/v2\/media\/18665"}],"wp:attachment":[{"href":"https:\/\/clefdesaintthomas.com\/de\/wp-json\/wp\/v2\/media?parent=19589"}],"wp:term":[{"taxonomy":"categorie","embeddable":true,"href":"https:\/\/clefdesaintthomas.com\/de\/wp-json\/wp\/v2\/categorie?post=19589"}],"curies":[{"name":"wp","href":"https:\/\/api.w.org\/{rel}","templated":true}]}}