{"id":19588,"date":"2022-11-18T16:56:41","date_gmt":"2022-11-18T15:56:41","guid":{"rendered":"https:\/\/clefdesaintthomas.com\/?page_id=19588"},"modified":"2022-11-21T14:22:52","modified_gmt":"2022-11-21T13:22:52","slug":"blog","status":"publish","type":"page","link":"https:\/\/clefdesaintthomas.com\/de\/blog\/","title":{"rendered":"Blog"},"content":{"rendered":"<p>[et_pb_section fb_built=&#8220;1&#8243; _builder_version=&#8220;4.16&#8243; _module_preset=&#8220;default&#8220; global_colors_info=&#8220;{}&#8220;][et_pb_row custom_padding_last_edited=&#8220;on|tablet&#8220; _builder_version=&#8220;4.17.4&#8243; _module_preset=&#8220;default&#8220; width=&#8220;100%&#8220; max_width=&#8220;1500px&#8220; custom_padding=&#8220;0em|2em|0em|2em|true|true&#8220; custom_padding_tablet=&#8220;|1em||1em|true|true&#8220; custom_padding_phone=&#8220;|0em||0em|true|true&#8220; global_colors_info=&#8220;{}&#8220;][et_pb_column type=&#8220;4_4&#8243; _builder_version=&#8220;4.16&#8243; _module_preset=&#8220;default&#8220; global_colors_info=&#8220;{}&#8220;][et_pb_text _builder_version=&#8220;4.17.4&#8243; _module_preset=&#8220;8836641a-0ef2-4879-9e53-1e1d3746ba0d&#8220; custom_margin=&#8220;||||false|false&#8220; locked=&#8220;off&#8220; global_colors_info=&#8220;{}&#8220;]<\/p>\n<p>Le blog<\/p>\n<p>[\/et_pb_text][et_pb_code _builder_version=&#8220;4.17.4&#8243; _module_preset=&#8220;default&#8220; global_colors_info=&#8220;{}&#8220;]<!-- The Grid Plugin Version 2.8.1 --><!-- The Grid Wrapper Start --><div class=\"tg-grid-wrapper tg-grid-loading tg-nav-under\" id=\"grid-13240\" data-version=\"2.8.1\"><!-- The Grid Fonts --><link href=\"\/\/fonts.googleapis.com\/css?family=Prata%7CKarla\" rel=\"stylesheet\" property=\"stylesheet\" type=\"text\/css\" media=\"all\"><!-- The Grid Styles --><style class=\"tg-grid-styles\" type=\"text\/css\">#grid-13240 .tg-nav-color:not(.dots):not(.tg-dropdown-value):not(.tg-dropdown-title):not(.tg-filter-name):hover,#grid-13240 .tg-page-number.tg-page-current,#grid-13240 .tg-filter-active span:not(.tg-filter-count){color:#e33d00}#grid-13240 .tg-filter:not(.tg-dropdown-item):after{border-bottom:3px solid #e33d00}#grid-13240 .tg-search-holder:before,#grid-13240 .tg-dropdown-holder:before,#grid-13240 .tg-filter:not(.tg-dropdown-item):before{border-bottom:1px solid #DDDDDD}.tg-nav-under .tg-nav-font,.tg-nav-under input[type=text].tg-search{font-size:13px;font-weight:600;text-transform:uppercase}.tg-nav-under .tg-search::-webkit-input-placeholder{font-size:13px;font-weight:600;text-transform:uppercase}.tg-nav-under .tg-search::-moz-placeholder{font-size:13px;font-weight:600;text-transform:uppercase}.tg-nav-under .tg-search:-ms-input-placeholder{font-size:13px;font-weight:600;text-transform:uppercase}.tg-nav-under .tg-dropdown-item{font-weight:normal}.tg-nav-under .tg-dropdown-item{text-transform:none}.tg-nav-under a.tg-page-number{border:none}.tg-nav-under .tg-filter{margin:0 0 5px 0}.tg-nav-under .tg-filter-name{padding-left:20px;padding-right:20px}.tg-nav-under .tg-filter{padding-top:14px}.tg-nav-under .tg-filter-name{padding-bottom:14px}.tg-nav-under .tg-sorter-order,.tg-nav-under .tg-search-holder,.tg-nav-under .tg-dropdown-holder,.tg-nav-under .tg-ajax-button,.tg-nav-under .tg-pagination-holder,.tg-nav-under .tg-slider-bullets-holder,.tg-nav-under .tg-left-arrow,.tg-nav-under .tg-right-arrow{padding-top:14px;padding-bottom:14px}.tg-nav-under .tg-search-holder:before,.tg-nav-under .tg-dropdown-holder:before,.tg-nav-under .tg-filter:not(.tg-dropdown-item):before{content:\"\";position:absolute;display:block;top:0;bottom:0;left:0;right:0;opacity:0.6}.tg-nav-under .tg-filter:not(.tg-dropdown-item):after{content:\"\";position:absolute;display:block;top:0;bottom:0;left:0;right:0;margin:0 auto;opacity:0;-webkit-transform:scale(0,1);-moz-transform:scale(0,1);-ms-transform:scale(0,1);-o-transform:scale(0,1);transform:scale(0,1);-webkit-transition:-webkit-transform 0.2s linear,opacity 0.2s linear;-moz-transition:-moz-transform 0.2s linear,opacity 0.2s linear;-ms-transition:-ms-transform 0.2s linear,opacity 0.2s linear;-o-transition:-o-transform 0.2s linear,opacity 0.2s linear;transition:transform 0.2s linear,opacity 0.2s linear}.tg-nav-under .tg-filter.tg-filter-active:after,.tg-nav-under .tg-filter:hover:after{opacity:1;-webkit-transform:scale(1,1);-moz-transform:scale(1,1);-ms-transform:scale(1,1);-o-transform:scale(1,1);transform:scale(1,1)}.tg-nav-under .tg-left-arrow:before,.tg-nav-under .tg-right-arrow:before,.tg-nav-under .tg-icon-dropdown-open:before,.tg-nav-under .tg-icon-sorter-down:before,.tg-nav-under .tg-icon-sorter-up:before{font-weight:bolder;font-size:17px;position:relative}.tg-nav-under .tg-icon-left-arrow:before{content:\"\\e604\";font-size:32px;font-weight:100}.tg-nav-under .tg-icon-right-arrow:before{content:\"\\e602\";font-size:32px;font-weight:100}.tg-nav-under .tg-icon-dropdown-open:before,.tg-nav-under .tg-icon-sorter-down:before{content:\"\\e60a\"}.tg-nav-under .tg-icon-sorter-up:before{content:\"\\e609\"}.tg-nav-under .tg-search-clear:before{content:\"\\e611\";font-weight:300}.tg-nav-under .tg-search-icon:before{content:\"\\e62e\";font-size:16px;font-weight:600}.tg-nav-under .tg-page-number{font-size:14px}.tg-nav-under .tg-grid-area-left .tg-left-arrow,.tg-nav-under .tg-grid-area-right .tg-right-arrow{width:40px;height:40px;line-height:40px;padding:0}.tg-nav-under .tg-grid-area-left .tg-icon-left-arrow:before,.tg-nav-under .tg-grid-area-right .tg-icon-right-arrow:before{top:0;line-height:40px}#grid-13240 .tg-nav-color,#grid-13240 .tg-search-icon:hover:before,#grid-13240 .tg-search-icon:hover input,#grid-13240 .tg-disabled:hover .tg-icon-left-arrow,#grid-13240 .tg-disabled:hover .tg-icon-right-arrow,#grid-13240 .tg-dropdown-title.tg-nav-color:hover{color:#999999}#grid-13240 input.tg-search:hover{color:#999999 !important}#grid-13240 input.tg-search::-webkit-input-placeholder{color:#999999}#grid-13240 input.tg-search::-moz-placeholder{color:#999999;opacity:1}#grid-13240 input.tg-search:-ms-input-placeholder{color:#999999}.grid-13240 .tg-dropdown-item{color:#777777;background:#ffffff}.grid-13240 .tg-filter-active,.grid-13240 .tg-dropdown-item:hover{color:#444444;background:#f5f6fa}#grid-13240 .tg-slider-bullets li.tg-active-item span{background:#59585b}#grid-13240 .tg-slider-bullets li span{background:#DDDDDD}#grid-13240 .tg-grid-area-top2{text-align:center;margin-bottom:20px}.tg-actu-calissanne a:not([class*=\"tg-element-\"]),.tg-actu-calissanne a:not([class*=\"tg-element-\"]):active,.tg-actu-calissanne a:not([class*=\"tg-element-\"]):focus,.tg-actu-calissanne [class*=\"tg-element-\"] *:not(del){margin:0;padding:0;color:inherit !important;text-align:inherit;font-size:inherit;font-style:inherit;line-height:inherit;font-weight:inherit;text-transform:inherit;text-decoration:inherit;-webkit-box-shadow:none;box-shadow:none;border:none}.tg-actu-calissanne [class*=\"tg-element-\"],.tg-actu-calissanne .tg-item-overlay,.tg-actu-calissanne .tg-center-holder,.tg-actu-calissanne .tg-center-inner > *{vertical-align:middle}.tg-actu-calissanne .tg-item-content-holder[data-position=\"bottom\"]{text-align:center;position:relative;min-height:1px;display:block;padding:0 24px 22px}.tg-actu-calissanne div.tg-item-media-content{text-align:center}.tg-actu-calissanne .tg-element-1{position:relative;font-size:12px;line-height:16px;color:rgba(0,0,0,0.44) !important;font-weight:400;text-align:center;letter-spacing:0.7px;background-color:#ffffff;display:inline-block;float:none;width:80%;min-width:80%;height:28px;min-height:28px;padding:12px 0 0}.tg-actu-calissanne .tg-element-3{position:relative;font-size:20px;line-height:25px;font-family:Prata;text-transform:uppercase;letter-spacing:1.8px;display:block;margin:0;padding:45px 0 0}.tg-actu-calissanne .tg-element-6{position:relative;font-size:14px;line-height:21px;font-weight:400;display:inline-block;float:none;width:90%;min-width:90%;margin:0;padding:22px 0 0}.tg-actu-calissanne .tg-element-2{position:relative;font-size:11px;line-height:18px;font-family:Karla !important;text-transform:uppercase;text-align:center;letter-spacing:0.9px;display:block;margin:22px 0 0;padding:8px 20px;-webkit-transition:all 340ms ease;-moz-transition:all 340ms ease;-ms-transition:all 340ms ease;transition:all 340ms ease}.tg-actu-calissanne .tg-element-2:hover{opacity:0.8 !important}.tg-item .tg-dark div,.tg-item .tg-dark h1,.tg-item .tg-dark h1 a,.tg-item .tg-dark h2,.tg-item .tg-dark h2 a,.tg-item .tg-dark h3,.tg-item .tg-dark h3 a,.tg-item .tg-dark h4,.tg-item .tg-dark h4 a,.tg-item .tg-dark h5,.tg-item .tg-dark h5 a,.tg-item .tg-dark h6,.tg-item .tg-dark h6 a,.tg-item .tg-dark a,.tg-item .tg-dark a.tg-link-url,.tg-item .tg-dark i,.tg-item .tg-dark .tg-media-button,.tg-item .tg-dark .tg-item-price span{color:#444444;fill:#444444;stroke:#444444;border-color:#444444}.tg-item .tg-dark p,.tg-item .tg-dark ol,.tg-item .tg-dark ul,.tg-item .tg-dark li{color:#777777;fill:#777777;stroke:#777777;border-color:#777777}.tg-item .tg-dark span,.tg-item .tg-dark .no-liked .to-heart-icon path,.tg-item .tg-dark .empty-heart .to-heart-icon path,.tg-item .tg-dark .tg-item-comment i,.tg-item .tg-dark .tg-item-price del span{color:#999999;fill:#999999;stroke:#999999;border-color:#999999}.tg-item .tg-light div,.tg-item .tg-light h1,.tg-item .tg-light h1 a,.tg-item .tg-light h2,.tg-item .tg-light h2 a,.tg-item .tg-light h3,.tg-item .tg-light h3 a,.tg-item .tg-light h4,.tg-item .tg-light h4 a,.tg-item .tg-light h5,.tg-item .tg-light h5 a,.tg-item .tg-light h6,.tg-item .tg-light h6 a,.tg-item .tg-light a,.tg-item .tg-light a.tg-link-url,.tg-item .tg-light i,.tg-item .tg-light .tg-media-button,.tg-item .tg-light .tg-item-price span{color:#ffffff;fill:#ffffff;stroke:#ffffff;border-color:#ffffff}.tg-item .tg-light p,.tg-item .tg-light ol,.tg-item .tg-light ul,.tg-item .tg-light li{color:#f6f6f6;fill:#f6f6f6;stroke:#f6f6f6;border-color:#f6f6f6}.tg-item .tg-light span,.tg-item .tg-light .no-liked .to-heart-icon path,.tg-item .tg-light .empty-heart .to-heart-icon path,.tg-item .tg-light .tg-item-comment i,.tg-item .tg-light .tg-item-price del span{color:#f5f5f5;fill:#f5f5f5;stroke:#f5f5f5;border-color:#f5f5f5}#grid-13240 .tg-item-content-holder{background-color:#ffffff}#grid-13240 .tg-item-overlay{background-color:rgba(22,22,22,0.65)}<\/style><!-- The Grid Item Sizer --><div class=\"tg-grid-sizer\"><\/div><!-- The Grid Gutter Sizer --><div class=\"tg-gutter-sizer\"><\/div><!-- The Grid Area Top 2 --><div class=\"tg-grid-area-top2\"><div class=\"tg-filters-holder\"><div class=\"tg-filter tg-filter-active tg-nav-color tg-nav-border tg-nav-font\" data-filter=\"*\"><span class=\"tg-filter-name tg-nav-color tg-nav-font\">TOUS (<span class=\"tg-filter-count\"><\/span>)<\/span><\/div><div class=\"tg-filter tg-nav-color tg-nav-border tg-nav-font\" data-taxo=\"category\" data-filter=\".f258\"><span class=\"tg-filter-name tg-nav-color tg-nav-font\">news (<span class=\"tg-filter-count\"><\/span>)<\/span><\/div><div class=\"tg-filter tg-nav-color tg-nav-border tg-nav-font\" data-taxo=\"category\" data-filter=\".f260\"><span class=\"tg-filter-name tg-nav-color tg-nav-font\">Presse (<span class=\"tg-filter-count\"><\/span>)<\/span><\/div><div class=\"tg-filter tg-nav-color tg-nav-border tg-nav-font\" data-taxo=\"category\" data-filter=\".f261\"><span class=\"tg-filter-name tg-nav-color tg-nav-font\">Auszeichnungen (<span class=\"tg-filter-count\"><\/span>)<\/span><\/div><\/div><\/div><!-- The Grid Items Holder --><div class=\"tg-grid-holder tg-layout-masonry\"  data-name=\"Blog\"  data-style=\"masonry\" data-row=\"1\" data-layout=\"vertical\" data-rtl=\"\" data-fitrows=\"1\" data-filtercomb=\"\" data-filterlogic=\"AND\" data-filterload =\"\" data-sortbyload =\"\" data-orderload =\"false\" data-fullwidth=\"\" data-fullheight=\"null\" data-gutters=\"[[320,30],[480,30],[768,30],[980,30],[1200,30],[9999,30]]\" data-slider='{\"itemNav\":\"null\",\"swingSpeed\":0.1,\"cycleBy\":\"null\",\"cycle\":5000,\"startAt\":1}' data-ratio=\"1.00\" data-cols=\"[[320,1],[480,1],[768,1],[980,2],[1200,2],[9999,2]]\" data-rows=\"[[320,200],[480,200],[768,220],[980,220],[1200,240],[9999,240]]\" data-animation='{&quot;name&quot;:&quot;Fade in&quot;,&quot;visible&quot;:&quot;&quot;,&quot;hidden&quot;:&quot;&quot;}' data-transition=\"700ms\" data-ajaxmethod=\"\" data-ajaxdelay=\"100\" data-preloader=\"1\" data-itemdelay=\"100\" data-gallery=\"\" data-ajax=\"\"><!-- The Grid item #1 --><article class=\"tg-item tg-post-20166 tg-actu-calissanne f258 f132 tg-item-reveal\" data-row=\"1\" data-col=\"1\"><div class=\"tg-item-inner\"><div class=\"tg-item-media-holder tg-light\"><div class=\"tg-item-media-inner\"><img decoding=\"async\" class=\"tg-item-image\" alt=\"\" width=\"1024\" height=\"674\" src=\"https:\/\/clefdesaintthomas.com\/wp-content\/uploads\/winexpo-HK-actu-1024x674.jpg\"><\/div><div class=\"tg-item-media-content \"><div class=\"tg-bottom-holder\"><span class=\"tg-item-date tg-element-1\">28\/05\/2024<\/span><\/div><a class=\"tg-element-absolute tg-element-above\" target=\"_self\" href=\"https:\/\/clefdesaintthomas.com\/de\/vinexpo-asia\/\"><\/a><\/div><\/div><div class=\"tg-item-content-holder tg-dark image-format\" data-position=\"bottom\"><h2 class=\"tg-item-title tg-element-3\"><a target=\"_self\" href=\"https:\/\/clefdesaintthomas.com\/de\/vinexpo-asia\/\">Vinexpo Asia<\/a><\/h2><p class=\"tg-item-excerpt tg-element-6\">Du 28 au 30 mai 2024, nous sommes pr\u00e9sents \u00e0 Hong Kong \u00e0 l\u2019occasion du salon #VINEXPO ASIA....<\/p><div class=\"tg-element-2\"><a target=\"_self\" href=\"https:\/\/clefdesaintthomas.com\/de\/vinexpo-asia\/\">En savoir +<\/a><\/div><div class=\"tg-item-clear\"><\/div><\/div><\/div><\/article><!-- The Grid item #2 --><article class=\"tg-item tg-post-19960 tg-actu-calissanne f258 f132 tg-item-reveal\" data-row=\"1\" data-col=\"1\"><div class=\"tg-item-inner\"><div class=\"tg-item-media-holder tg-light\"><div class=\"tg-item-media-inner\"><img decoding=\"async\" class=\"tg-item-image\" alt=\"\" width=\"1024\" height=\"768\" src=\"https:\/\/clefdesaintthomas.com\/wp-content\/uploads\/VENDANGES-CLEF-DE-SAINT-THOMAS-2023-Clefdesaintthomas-41-1024x768.jpg\"><\/div><div class=\"tg-item-media-content \"><div class=\"tg-bottom-holder\"><span class=\"tg-item-date tg-element-1\">25\/09\/2023<\/span><\/div><a class=\"tg-element-absolute tg-element-above\" target=\"_self\" href=\"https:\/\/clefdesaintthomas.com\/de\/vendanges-en-images-2023\/\"><\/a><\/div><\/div><div class=\"tg-item-content-holder tg-dark image-format\" data-position=\"bottom\"><h2 class=\"tg-item-title tg-element-3\"><a target=\"_self\" href=\"https:\/\/clefdesaintthomas.com\/de\/vendanges-en-images-2023\/\">Les vendanges en images<\/a><\/h2><p class=\"tg-item-excerpt tg-element-6\">Ce matin, nous \u00e9tions dans notre parcelle de la Charbonni\u00e8re pour immortaliser le lancement des vendanges....<\/p><div class=\"tg-element-2\"><a target=\"_self\" href=\"https:\/\/clefdesaintthomas.com\/de\/vendanges-en-images-2023\/\">En savoir +<\/a><\/div><div class=\"tg-item-clear\"><\/div><\/div><\/div><\/article><!-- The Grid item #3 --><article class=\"tg-item tg-post-19690 tg-actu-calissanne f258 tg-item-reveal\" data-row=\"1\" data-col=\"1\"><div class=\"tg-item-inner\"><div class=\"tg-item-media-holder tg-light\"><div class=\"tg-item-media-inner\"><img decoding=\"async\" class=\"tg-item-image\" alt=\"\" width=\"1024\" height=\"538\" src=\"https:\/\/clefdesaintthomas.com\/wp-content\/uploads\/difference-aop-aoc-1024x538.jpg\"><\/div><div class=\"tg-item-media-content \"><div class=\"tg-bottom-holder\"><span class=\"tg-item-date tg-element-1\">21\/11\/2022<\/span><\/div><a class=\"tg-element-absolute tg-element-above\" target=\"_self\" href=\"https:\/\/clefdesaintthomas.com\/de\/was-ist-eine-aoc-aop\/\"><\/a><\/div><\/div><div class=\"tg-item-content-holder tg-dark image-format\" data-position=\"bottom\"><h2 class=\"tg-item-title tg-element-3\"><a target=\"_self\" href=\"https:\/\/clefdesaintthomas.com\/de\/was-ist-eine-aoc-aop\/\">Was ist eine AOC\/ AOP?<\/a><\/h2><p class=\"tg-item-excerpt tg-element-6\">Die Winzer von Ch\u00e2teauneuf-du-Pape sind die Begr\u00fcnder des AOC-Systems (Appellation d'origine contr\u00f4l\u00e9e), das die Grundlage, das Fundament und den Erfolg des franz\u00f6sischen Weinbaus darstellt....<\/p><div class=\"tg-element-2\"><a target=\"_self\" href=\"https:\/\/clefdesaintthomas.com\/de\/was-ist-eine-aoc-aop\/\">En savoir +<\/a><\/div><div class=\"tg-item-clear\"><\/div><\/div><\/div><\/article><!-- The Grid item #4 --><article class=\"tg-item tg-post-19686 tg-actu-calissanne f258 tg-item-reveal\" data-row=\"1\" data-col=\"1\"><div class=\"tg-item-inner\"><div class=\"tg-item-media-holder tg-light\"><div class=\"tg-item-media-inner\"><img decoding=\"async\" class=\"tg-item-image\" alt=\"\" width=\"1024\" height=\"538\" src=\"https:\/\/clefdesaintthomas.com\/wp-content\/uploads\/blog-pourquoi-clef-saint-thomas-1024x538.jpeg\"><\/div><div class=\"tg-item-media-content \"><div class=\"tg-bottom-holder\"><span class=\"tg-item-date tg-element-1\">21\/11\/2022<\/span><\/div><a class=\"tg-element-absolute tg-element-above\" target=\"_self\" href=\"https:\/\/clefdesaintthomas.com\/de\/warum-heisst-das-weingut-clef-de-saint-thomas\/\"><\/a><\/div><\/div><div class=\"tg-item-content-holder tg-dark image-format\" data-position=\"bottom\"><h2 class=\"tg-item-title tg-element-3\"><a target=\"_self\" href=\"https:\/\/clefdesaintthomas.com\/de\/warum-heisst-das-weingut-clef-de-saint-thomas\/\">Warum hei\u00dft das Weingut Clef de Saint Thomas?<\/a><\/h2><p class=\"tg-item-excerpt tg-element-6\">Dies ist nicht die Geschichte des Weinguts, sondern die der Familie Kessler-Mati\u00e8re....<\/p><div class=\"tg-element-2\"><a target=\"_self\" href=\"https:\/\/clefdesaintthomas.com\/de\/warum-heisst-das-weingut-clef-de-saint-thomas\/\">En savoir +<\/a><\/div><div class=\"tg-item-clear\"><\/div><\/div><\/div><\/article><!-- The Grid item #5 --><article class=\"tg-item tg-post-19684 tg-actu-calissanne f258 tg-item-reveal\" data-row=\"1\" data-col=\"1\"><div class=\"tg-item-inner\"><div class=\"tg-item-media-holder tg-light\"><div class=\"tg-item-media-inner\"><img decoding=\"async\" class=\"tg-item-image\" alt=\"\" width=\"1024\" height=\"537\" src=\"https:\/\/clefdesaintthomas.com\/wp-content\/uploads\/pourquoi-clef-saint-thomas-1024x537.jpeg\"><\/div><div class=\"tg-item-media-content \"><div class=\"tg-bottom-holder\"><span class=\"tg-item-date tg-element-1\">21\/11\/2022<\/span><\/div><a class=\"tg-element-absolute tg-element-above\" target=\"_self\" href=\"https:\/\/clefdesaintthomas.com\/de\/aoc-chateauneuf-du-pape-les-papes-davignon-die-paepste-von-avignon\/\"><\/a><\/div><\/div><div class=\"tg-item-content-holder tg-dark image-format\" data-position=\"bottom\"><h2 class=\"tg-item-title tg-element-3\"><a target=\"_self\" href=\"https:\/\/clefdesaintthomas.com\/de\/aoc-chateauneuf-du-pape-les-papes-davignon-die-paepste-von-avignon\/\">AOC Ch\u00e2teauneuf-du-Pape, Les Papes d&#8217;Avignon (Die P\u00e4pste von Avignon).<\/a><\/h2><p class=\"tg-item-excerpt tg-element-6\">Ein gro\u00dfes Dankesch\u00f6n an die P\u00e4pste von Avignon ...\r\nEs waren tats\u00e4chlich die P\u00e4pste, die bei ihrer Niederlassung in Avignon im 14. Jahrhundert das Terroir von Ch\u00e2teauneuf-du-Pape entwickelten....<\/p><div class=\"tg-element-2\"><a target=\"_self\" href=\"https:\/\/clefdesaintthomas.com\/de\/aoc-chateauneuf-du-pape-les-papes-davignon-die-paepste-von-avignon\/\">En savoir +<\/a><\/div><div class=\"tg-item-clear\"><\/div><\/div><\/div><\/article><!-- The Grid item #6 --><article class=\"tg-item tg-post-19682 tg-actu-calissanne f258 f102 tg-item-reveal\" data-row=\"1\" data-col=\"1\"><div class=\"tg-item-inner\"><div class=\"tg-item-media-holder tg-light\"><div class=\"tg-item-media-inner\"><img decoding=\"async\" class=\"tg-item-image\" alt=\"\" width=\"1024\" height=\"538\" src=\"https:\/\/clefdesaintthomas.com\/wp-content\/uploads\/clef-de-st-thomas-actualite-2-1024x538.jpg\"><\/div><div class=\"tg-item-media-content \"><div class=\"tg-bottom-holder\"><span class=\"tg-item-date tg-element-1\">21\/11\/2022<\/span><\/div><a class=\"tg-element-absolute tg-element-above\" target=\"_self\" href=\"https:\/\/clefdesaintthomas.com\/de\/goldmedaillen-beim-allgemeinen-landwirtschaftswettbewerb\/\"><\/a><\/div><\/div><div class=\"tg-item-content-holder tg-dark image-format\" data-position=\"bottom\"><h2 class=\"tg-item-title tg-element-3\"><a target=\"_self\" href=\"https:\/\/clefdesaintthomas.com\/de\/goldmedaillen-beim-allgemeinen-landwirtschaftswettbewerb\/\">Goldmedaillen beim Allgemeinen Landwirtschaftswettbewerb.<\/a><\/h2><p class=\"tg-item-excerpt tg-element-6\">Dieses Jahr wurde das Weingut Clef de Saint Thomas beim  Allgemeinen Landwirtschaftswettbewerb in Paris gleich mit zwei Goldmedaillen ausgezeichnet. Bei dem Wettbewerb werden die qualitativ...<\/p><div class=\"tg-element-2\"><a target=\"_self\" href=\"https:\/\/clefdesaintthomas.com\/de\/goldmedaillen-beim-allgemeinen-landwirtschaftswettbewerb\/\">En savoir +<\/a><\/div><div class=\"tg-item-clear\"><\/div><\/div><\/div><\/article><!-- The Grid item #7 --><article class=\"tg-item tg-post-19681 tg-actu-calissanne f258 tg-item-reveal\" data-row=\"1\" data-col=\"1\"><div class=\"tg-item-inner\"><div class=\"tg-item-media-holder tg-light\"><div class=\"tg-item-media-inner\"><img decoding=\"async\" class=\"tg-item-image\" alt=\"\" width=\"1024\" height=\"538\" src=\"https:\/\/clefdesaintthomas.com\/wp-content\/uploads\/actualite_LieuxDits_Chateaneuf-du-Pape-1024x538.jpg\"><\/div><div class=\"tg-item-media-content \"><div class=\"tg-bottom-holder\"><span class=\"tg-item-date tg-element-1\">21\/11\/2022<\/span><\/div><a class=\"tg-element-absolute tg-element-above\" target=\"_self\" href=\"https:\/\/clefdesaintthomas.com\/de\/unsere-lagen-in-chateauneuf-du-pape\/\"><\/a><\/div><\/div><div class=\"tg-item-content-holder tg-dark image-format\" data-position=\"bottom\"><h2 class=\"tg-item-title tg-element-3\"><a target=\"_self\" href=\"https:\/\/clefdesaintthomas.com\/de\/unsere-lagen-in-chateauneuf-du-pape\/\">Unsere Lagen in Ch\u00e2teauneuf-du-Pape<\/a><\/h2><p class=\"tg-item-excerpt tg-element-6\">In Ch\u00e2teauneuf-du-Pape gibt es 131 Lagen, die zusammen ein Patchwork von Parzellen bilden. Jede Lage hat ihr eigenes Mikroklima, Terroir, Boden... Die Weinst\u00f6cke des Weinguts Clef de Saint Thomas...<\/p><div class=\"tg-element-2\"><a target=\"_self\" href=\"https:\/\/clefdesaintthomas.com\/de\/unsere-lagen-in-chateauneuf-du-pape\/\">En savoir +<\/a><\/div><div class=\"tg-item-clear\"><\/div><\/div><\/div><\/article><\/div><div class=\"tg-grid-preloader\"><style class=\"tg-grid-preloader-styles\" type=\"text\/css\">@-webkit-keyframes ball-beat{50%{opacity:.2;-webkit-transform:scale(.75);transform:scale(.75)}100%{opacity:1;-webkit-transform:scale(1);transform:scale(1)}}@keyframes ball-beat{50%{opacity:.2;-webkit-transform:scale(.75);transform:scale(.75)}100%{opacity:1;-webkit-transform:scale(1);transform:scale(1)}}.ball-beat>div{background-color:#fff;width:15px;height:15px;border-radius:100%;margin:2px;display:inline-block;-webkit-animation:ball-beat .7s 0s infinite linear;animation:ball-beat .7s 0s infinite linear}.ball-beat>div:nth-child(2n-1){-webkit-animation-delay:-.35s!important;animation-delay:-.35s!important}#grid-13240 .tg-grid-preloader-inner>div{background:#e33d00}#grid-13240 .tg-grid-preloader-scale{transform:scale(1)}<\/style><div class=\"tg-grid-preloader-holder\"><div class=\"tg-grid-preloader-scale\"><div class=\"tg-grid-preloader-inner ball-beat\"><div><\/div><div><\/div><div><\/div><\/div><\/div><\/div><\/div><\/div><!-- The Grid Wrapper End -->[\/et_pb_code][\/et_pb_column][\/et_pb_row][\/et_pb_section]<\/p>\n","protected":false},"excerpt":{"rendered":"<p>[et_pb_section fb_built=&#8220;1&#8243; _builder_version=&#8220;4.16&#8243; _module_preset=&#8220;default&#8220; global_colors_info=&#8220;{}&#8220;][et_pb_row custom_padding_last_edited=&#8220;on|tablet&#8220; _builder_version=&#8220;4.17.4&#8243; _module_preset=&#8220;default&#8220; width=&#8220;100%&#8220; max_width=&#8220;1500px&#8220; custom_padding=&#8220;0em|2em|0em|2em|true|true&#8220; custom_padding_tablet=&#8220;|1em||1em|true|true&#8220; custom_padding_phone=&#8220;|0em||0em|true|true&#8220; global_colors_info=&#8220;{}&#8220;][et_pb_column type=&#8220;4_4&#8243; _builder_version=&#8220;4.16&#8243; _module_preset=&#8220;default&#8220; global_colors_info=&#8220;{}&#8220;][et_pb_text _builder_version=&#8220;4.17.4&#8243; _module_preset=&#8220;8836641a-0ef2-4879-9e53-1e1d3746ba0d&#8220; custom_margin=&#8220;||||false|false&#8220; locked=&#8220;off&#8220; global_colors_info=&#8220;{}&#8220;] Le blog [\/et_pb_text][et_pb_code _builder_version=&#8220;4.17.4&#8243; _module_preset=&#8220;default&#8220; global_colors_info=&#8220;{}&#8220;][\/et_pb_code][\/et_pb_column][\/et_pb_row][\/et_pb_section]<\/p>\n","protected":false},"author":2,"featured_media":18600,"parent":0,"menu_order":0,"comment_status":"closed","ping_status":"closed","template":"","meta":{"_acf_changed":false,"_et_pb_use_builder":"on","_et_pb_old_content":"","_et_gb_content_width":"","inline_featured_image":false,"footnotes":""},"categorie":[],"class_list":["post-19588","page","type-page","status-publish","has-post-thumbnail","hentry"],"acf":[],"_links":{"self":[{"href":"https:\/\/clefdesaintthomas.com\/de\/wp-json\/wp\/v2\/pages\/19588","targetHints":{"allow":["GET"]}}],"collection":[{"href":"https:\/\/clefdesaintthomas.com\/de\/wp-json\/wp\/v2\/pages"}],"about":[{"href":"https:\/\/clefdesaintthomas.com\/de\/wp-json\/wp\/v2\/types\/page"}],"author":[{"embeddable":true,"href":"https:\/\/clefdesaintthomas.com\/de\/wp-json\/wp\/v2\/users\/2"}],"replies":[{"embeddable":true,"href":"https:\/\/clefdesaintthomas.com\/de\/wp-json\/wp\/v2\/comments?post=19588"}],"version-history":[{"count":1,"href":"https:\/\/clefdesaintthomas.com\/de\/wp-json\/wp\/v2\/pages\/19588\/revisions"}],"predecessor-version":[{"id":19618,"href":"https:\/\/clefdesaintthomas.com\/de\/wp-json\/wp\/v2\/pages\/19588\/revisions\/19618"}],"wp:featuredmedia":[{"embeddable":true,"href":"https:\/\/clefdesaintthomas.com\/de\/wp-json\/wp\/v2\/media\/18600"}],"wp:attachment":[{"href":"https:\/\/clefdesaintthomas.com\/de\/wp-json\/wp\/v2\/media?parent=19588"}],"wp:term":[{"taxonomy":"categorie","embeddable":true,"href":"https:\/\/clefdesaintthomas.com\/de\/wp-json\/wp\/v2\/categorie?post=19588"}],"curies":[{"name":"wp","href":"https:\/\/api.w.org\/{rel}","templated":true}]}}